{"id":76,"date":"2021-10-08T08:01:56","date_gmt":"2021-10-08T08:01:56","guid":{"rendered":"https:\/\/www.accademiapsico.it\/shop\/?post_type=product&#038;p=76"},"modified":"2025-06-14T08:44:00","modified_gmt":"2025-06-14T08:44:00","slug":"the-volcano-and-the-ice-block","status":"publish","type":"product","link":"https:\/\/www.accademiapsico.it\/shop\/prodotto\/the-volcano-and-the-ice-block\/","title":{"rendered":"The Volcano and the Ice Block"},"content":{"rendered":"<p>Ilan, 11 anni, viene portato in terapia familiare a causa del suo comportamento aggressivo e per i suoi sentimenti di rabbia nei confronti del padre. Presentandosi come esperto di bambini, Maurizio Andolfi inizia a coinvolgere Ilan e i suoi fratelli esplorando la storia della famiglia attraverso il genogramma. In particolare, chiede ai bambini informazioni sulla relazione tra fratelli e genitori. Molto presto le esperienze traumatiche di entrambe le famiglie vengono svelate, con la descrizione dei luoghi in cui i nonni sono stati nascosti durante la Seconda Guerra Mondiale. A partire dalla rabbia di Ilan, viene proposto un viaggio nella rabbia in entrambe le famiglie di origine. Tutti sono invitati a disegnare un\u2019immagine della rabbia e della tristezza, che \u00e8 sempre nascosta dietro la rabbia. Il vulcano e il blocco di ghiaccio sono le immagini offerte da Ilan e seguite da tutti i disegni degli altri.<\/p>\n<p><strong>Specifiche<br \/>\n<\/strong>Formato USB<br \/>\nDurata: 41 min. ca<br \/>\nColore<br \/>\nRegion all<br \/>\nWidescreen 1.78:1<br \/>\nLingue: Fran\u00e7ais, Italiano<br \/>\nSottotitoli: English, Espa\u00f1ol, Fran\u00e7ais, Italiano, Portugu\u00eas.<\/p>\n","protected":false},"excerpt":{"rendered":"<p>oppure<\/p>\n<p><a href=\"https:\/\/vimeo.com\/store\/ondemand\/buy\/261301\">Acquista come video on demand su Vimeo &#8211; 20 \u20ac<\/a><\/p>\n","protected":false},"featured_media":77,"template":"","meta":{"_acf_changed":false},"product_brand":[],"product_cat":[17],"product_tag":[],"class_list":{"0":"post-76","1":"product","2":"type-product","3":"status-publish","4":"has-post-thumbnail","6":"product_cat-video-collection","7":"sales-flash-overlay","8":"woocommerce-text-align-left","9":"woocommerce-image-align-center","11":"first","12":"instock","13":"taxable","14":"shipping-taxable","15":"purchasable","16":"product-type-simple"},"acf":[],"_links":{"self":[{"href":"https:\/\/www.accademiapsico.it\/shop\/wp-json\/wp\/v2\/product\/76","targetHints":{"allow":["GET"]}}],"collection":[{"href":"https:\/\/www.accademiapsico.it\/shop\/wp-json\/wp\/v2\/product"}],"about":[{"href":"https:\/\/www.accademiapsico.it\/shop\/wp-json\/wp\/v2\/types\/product"}],"wp:featuredmedia":[{"embeddable":true,"href":"https:\/\/www.accademiapsico.it\/shop\/wp-json\/wp\/v2\/media\/77"}],"wp:attachment":[{"href":"https:\/\/www.accademiapsico.it\/shop\/wp-json\/wp\/v2\/media?parent=76"}],"wp:term":[{"taxonomy":"product_brand","embeddable":true,"href":"https:\/\/www.accademiapsico.it\/shop\/wp-json\/wp\/v2\/product_brand?post=76"},{"taxonomy":"product_cat","embeddable":true,"href":"https:\/\/www.accademiapsico.it\/shop\/wp-json\/wp\/v2\/product_cat?post=76"},{"taxonomy":"product_tag","embeddable":true,"href":"https:\/\/www.accademiapsico.it\/shop\/wp-json\/wp\/v2\/product_tag?post=76"}],"curies":[{"name":"wp","href":"https:\/\/api.w.org\/{rel}","templated":true}]}}