{"id":1528,"date":"2026-02-15T18:20:41","date_gmt":"2026-02-15T18:20:41","guid":{"rendered":"https:\/\/www.accademiapsico.it\/shop\/?post_type=product&#038;p=1528"},"modified":"2026-02-20T18:22:21","modified_gmt":"2026-02-20T18:22:21","slug":"parents-on-the-brink-of-breaking-up","status":"publish","type":"product","link":"https:\/\/www.accademiapsico.it\/shop\/prodotto\/parents-on-the-brink-of-breaking-up\/","title":{"rendered":"Parents on the brink of breaking up: grown-up children as a therapeutic resource"},"content":{"rendered":"<p>In questa Master Series, il Prof. Maurizio Andolfi sottolinea l&#8217;utilit\u00e0 di invitare i figli come consulenti nella terapia di coppia intergenerazionale.<br \/>\nLa presenza dei due figli adulti nella seduta insieme ai genitori mobilita energie positive e mette in evidenza la loro comprensione della situazione e la loro attenzione nei confronti dei genitori.<br \/>\nIrene e Mark sono gemelli e recentemente hanno lasciato la casa dei genitori per dedicarsi alla loro carriera professionale. Hanno 22 anni, ma sono decisamente pi\u00f9 maturi della loro giovane et\u00e0. Hanno una chiara percezione delle dinamiche dei loro genitori.<br \/>\nIrene \u00e8 pi\u00f9 vicina alla mamma e Mark al pap\u00e0. Irene \u00e8 in grado di entrare in sintonia con i sentimenti di solitudine della mamma, lontana dal Sudafrica, e d\u00e0 voce alla sua disperazione, mentre Mark sembra in grado di mostrare empatia per la timidezza del padre e la sua difficolt\u00e0 a liberarsi dalla dipendenza eccessiva dalla propria madre e raggiungere un&#8217;autorit\u00e0 personale.<br \/>\nLa vera storia di questa famiglia \u00e8 interpretata da quattro attori in grado di simulare e identificarsi con ciascun membro della famiglia.<\/p>\n<p><strong>Specifiche<br \/>\n<\/strong>Formato USB<br \/>\n39 min. \/ Colore \/ HD 1080p &#8211; Widescreen 1.78:1<br \/>\nLingua: INGLESE<br \/>\nSottotitoli: inglese, francese, italiano, portoghese, spagnolo<\/p>\n","protected":false},"excerpt":{"rendered":"<p>oppure<\/p>\n<p><a href=\"https:\/\/vimeo.com\/ondemand\/parentsonthebrinkof\">Acquista come video on demand su Vimeo &#8211; 20 \u20ac<\/a><\/p>\n","protected":false},"featured_media":1531,"template":"","meta":{"_acf_changed":false},"product_brand":[],"product_cat":[17],"product_tag":[],"class_list":{"0":"post-1528","1":"product","2":"type-product","3":"status-publish","4":"has-post-thumbnail","6":"product_cat-video-collection","7":"sales-flash-overlay","8":"woocommerce-text-align-left","9":"woocommerce-image-align-center","11":"first","12":"instock","13":"taxable","14":"shipping-taxable","15":"purchasable","16":"product-type-simple"},"acf":[],"_links":{"self":[{"href":"https:\/\/www.accademiapsico.it\/shop\/wp-json\/wp\/v2\/product\/1528","targetHints":{"allow":["GET"]}}],"collection":[{"href":"https:\/\/www.accademiapsico.it\/shop\/wp-json\/wp\/v2\/product"}],"about":[{"href":"https:\/\/www.accademiapsico.it\/shop\/wp-json\/wp\/v2\/types\/product"}],"wp:featuredmedia":[{"embeddable":true,"href":"https:\/\/www.accademiapsico.it\/shop\/wp-json\/wp\/v2\/media\/1531"}],"wp:attachment":[{"href":"https:\/\/www.accademiapsico.it\/shop\/wp-json\/wp\/v2\/media?parent=1528"}],"wp:term":[{"taxonomy":"product_brand","embeddable":true,"href":"https:\/\/www.accademiapsico.it\/shop\/wp-json\/wp\/v2\/product_brand?post=1528"},{"taxonomy":"product_cat","embeddable":true,"href":"https:\/\/www.accademiapsico.it\/shop\/wp-json\/wp\/v2\/product_cat?post=1528"},{"taxonomy":"product_tag","embeddable":true,"href":"https:\/\/www.accademiapsico.it\/shop\/wp-json\/wp\/v2\/product_tag?post=1528"}],"curies":[{"name":"wp","href":"https:\/\/api.w.org\/{rel}","templated":true}]}}