{"id":1258,"date":"2025-03-24T12:10:09","date_gmt":"2025-03-24T12:10:09","guid":{"rendered":"https:\/\/www.accademiapsico.it\/shop\/?post_type=product&#038;p=1258"},"modified":"2025-03-24T15:12:03","modified_gmt":"2025-03-24T15:12:03","slug":"children-in-family-therapy-sub-chinese","status":"publish","type":"product","link":"https:\/\/www.accademiapsico.it\/shop\/prodotto\/children-in-family-therapy-sub-chinese\/","title":{"rendered":"Children in Family Therapy &#8211; sub chinese"},"content":{"rendered":"<p>In questa lezione, il Prof. Maurizio Andolfi spiega come utilizzare le risorse dei figli in terapia familiare. Descrive il suo passaggio dalla terapia individuale con bambini problematici, al lavoro con l\u2019intera famiglia e spiega come coinvolgere attivamente i padri e i fratelli in seduta. Poi, secondo il suo metodo, Andolfi include un\u2019altra generazione (nonni e famiglia estesa) nella sua osservazione della storia familiare e del bambino che presenta il sintomo. I principali strumenti del terapeuta sono le domande relazionali, gli oggetti metaforici, i genogrammi, i compiti e i contratti familiari. Andolfi descrive poi l\u2019uso della fantasia, della creativit\u00e0 e del contatto fisico per creare una connessione col bambino, cos\u00ec da trasformare i suoi sintomi e guarire le famiglie in difficolt\u00e0.<\/p>\n<p><strong>Specifiche<br \/>\n<\/strong>Formato USB<br \/>\nDurata: 32 min. ca<br \/>\nColore \/ Pal<br \/>\nRegion all<br \/>\nWidescreen 1.78:1<br \/>\nLingue: Inglese<br \/>\nSottotitoli: <span style=\"color: #ff0000;\">Cinese<\/span><\/p>\n","protected":false},"excerpt":{"rendered":"<p>In questa lezione, il Prof. Maurizio Andolfi spiega come utilizzare le risorse dei figli in terapia familiare. Descrive il suo passaggio dalla terapia individuale con bambini problematici, al lavoro con l\u2019intera famiglia e spiega come coinvolgere attivamente i padri e i fratelli in seduta. Poi, secondo il suo metodo, Andolfi include un\u2019altra generazione (nonni e &#8230; <a title=\"Children in Family Therapy &#8211; sub chinese\" class=\"read-more\" href=\"https:\/\/www.accademiapsico.it\/shop\/prodotto\/children-in-family-therapy-sub-chinese\/\" aria-label=\"Per saperne di pi\u00f9 su Children in Family Therapy &#8211; sub chinese\">Leggi tutto<\/a><\/p>\n","protected":false},"featured_media":1263,"template":"","meta":{"_acf_changed":false},"product_brand":[],"product_cat":[57],"product_tag":[],"class_list":{"0":"post-1258","1":"product","2":"type-product","3":"status-publish","4":"has-post-thumbnail","6":"product_cat-video-collection-sub-chinese","7":"sales-flash-overlay","8":"woocommerce-text-align-left","9":"woocommerce-image-align-center","11":"first","12":"instock","13":"downloadable","14":"virtual","15":"sold-individually","16":"taxable","17":"purchasable","18":"product-type-simple"},"acf":[],"_links":{"self":[{"href":"https:\/\/www.accademiapsico.it\/shop\/wp-json\/wp\/v2\/product\/1258","targetHints":{"allow":["GET"]}}],"collection":[{"href":"https:\/\/www.accademiapsico.it\/shop\/wp-json\/wp\/v2\/product"}],"about":[{"href":"https:\/\/www.accademiapsico.it\/shop\/wp-json\/wp\/v2\/types\/product"}],"wp:featuredmedia":[{"embeddable":true,"href":"https:\/\/www.accademiapsico.it\/shop\/wp-json\/wp\/v2\/media\/1263"}],"wp:attachment":[{"href":"https:\/\/www.accademiapsico.it\/shop\/wp-json\/wp\/v2\/media?parent=1258"}],"wp:term":[{"taxonomy":"product_brand","embeddable":true,"href":"https:\/\/www.accademiapsico.it\/shop\/wp-json\/wp\/v2\/product_brand?post=1258"},{"taxonomy":"product_cat","embeddable":true,"href":"https:\/\/www.accademiapsico.it\/shop\/wp-json\/wp\/v2\/product_cat?post=1258"},{"taxonomy":"product_tag","embeddable":true,"href":"https:\/\/www.accademiapsico.it\/shop\/wp-json\/wp\/v2\/product_tag?post=1258"}],"curies":[{"name":"wp","href":"https:\/\/api.w.org\/{rel}","templated":true}]}}