{"id":1248,"date":"2025-06-05T16:01:04","date_gmt":"2025-06-05T16:01:04","guid":{"rendered":"https:\/\/www.accademiapsico.it\/shop\/?post_type=product&#038;p=1248"},"modified":"2025-07-20T20:40:13","modified_gmt":"2025-07-20T20:40:13","slug":"being-yourself-authenticity-and-creativity-in-family-therapy","status":"publish","type":"product","link":"https:\/\/www.accademiapsico.it\/shop\/prodotto\/being-yourself-authenticity-and-creativity-in-family-therapy\/","title":{"rendered":"Being Yourself &#8211; Authenticity and Creativity in Family Therapy"},"content":{"rendered":"<p>In questa lezione, il Prof. Maurizio Andolfi descrive l&#8217;esperienza profondamente umana del processo di guarigione nella terapia familiare. Ci\u00f2 \u00e8 possibile quando i terapeuti sono in grado di liberarsi della loro maschera professionale e di entrare in contatto con il proprio io interiore per sintonizzarsi con la sofferenza portata in terapia dagli individui e dalle famiglie in difficolt\u00e0. Per raggiungere questo obiettivo, i terapeuti devono imparare a utilizzare pienamente se stessi, trasformando i loro handicap professionali in risorse terapeutiche. Esplorare il proprio genogramma familiare, scolpire le relazioni familiari, giocare di ruolo sono grandi opportunit\u00e0 di trasformazione e crescita. L&#8217;autenticit\u00e0, la creativit\u00e0, le domande relazionali, l&#8217;ascolto attento, il linguaggio del corpo e il movimento sono delineati come gli strumenti principali della terapia e il veicolo per la conoscenza e la trasformazione delle famiglie. Sono inclusi videoclip di una consultazione familiare per mostrare come la rabbia di un bambino possa diventare la porta per scoprire i drammi familiari e riparare le fratture intergenerazionali.<\/p>\n<p><strong>Specifiche<\/strong><br \/>\nFormato USB<br \/>\n32 min. \/ Colore \/ HD 1080p &#8211; Widescreen 1.78:1<br \/>\nLingue: English<br \/>\nSottotitoli: Chinese, English, Espa\u00f1ol, Fran\u00e7ais, Italiano, Portugu\u00eas.<\/p>\n","protected":false},"excerpt":{"rendered":"<p>oppure<\/p>\n<p><a href=\"https:\/\/vimeo.com\/ondemand\/apfbeingyourself\">Acquista come video on demand su Vimeo &#8211; 20 \u20ac<\/a><\/p>\n","protected":false},"featured_media":1252,"template":"","meta":{"_acf_changed":false},"product_brand":[],"product_cat":[17],"product_tag":[],"class_list":{"0":"post-1248","1":"product","2":"type-product","3":"status-publish","4":"has-post-thumbnail","6":"product_cat-video-collection","7":"sales-flash-overlay","8":"woocommerce-text-align-left","9":"woocommerce-image-align-center","11":"first","12":"instock","13":"taxable","14":"shipping-taxable","15":"purchasable","16":"product-type-simple"},"acf":[],"_links":{"self":[{"href":"https:\/\/www.accademiapsico.it\/shop\/wp-json\/wp\/v2\/product\/1248","targetHints":{"allow":["GET"]}}],"collection":[{"href":"https:\/\/www.accademiapsico.it\/shop\/wp-json\/wp\/v2\/product"}],"about":[{"href":"https:\/\/www.accademiapsico.it\/shop\/wp-json\/wp\/v2\/types\/product"}],"wp:featuredmedia":[{"embeddable":true,"href":"https:\/\/www.accademiapsico.it\/shop\/wp-json\/wp\/v2\/media\/1252"}],"wp:attachment":[{"href":"https:\/\/www.accademiapsico.it\/shop\/wp-json\/wp\/v2\/media?parent=1248"}],"wp:term":[{"taxonomy":"product_brand","embeddable":true,"href":"https:\/\/www.accademiapsico.it\/shop\/wp-json\/wp\/v2\/product_brand?post=1248"},{"taxonomy":"product_cat","embeddable":true,"href":"https:\/\/www.accademiapsico.it\/shop\/wp-json\/wp\/v2\/product_cat?post=1248"},{"taxonomy":"product_tag","embeddable":true,"href":"https:\/\/www.accademiapsico.it\/shop\/wp-json\/wp\/v2\/product_tag?post=1248"}],"curies":[{"name":"wp","href":"https:\/\/api.w.org\/{rel}","templated":true}]}}