{"id":1168,"date":"2025-02-04T17:53:52","date_gmt":"2025-02-04T17:53:52","guid":{"rendered":"https:\/\/www.accademiapsico.it\/shop\/?post_type=product&#038;p=1168"},"modified":"2025-03-24T18:01:06","modified_gmt":"2025-03-24T18:01:06","slug":"return-to-turkey-a-child-centred-intervention-sub-chinese-edition","status":"publish","type":"product","link":"https:\/\/www.accademiapsico.it\/shop\/prodotto\/return-to-turkey-a-child-centred-intervention-sub-chinese-edition\/","title":{"rendered":"\u201cReturn\u201d to Turkey \u2013 A child-centred intervention &#8211; chinese subtitles"},"content":{"rendered":"<p>La famiglia di Yigit, emigrata dalla Turchia in Olanda, ha dovuto affrontare grandi difficolt\u00e0 per potersi integrare in un mondo cos\u00ec diverso dal suo. Yigit, figlio primogenito di 8 anni, ha ricevuto una diagnosi di ADHD ed ha ricevuto cure per tale patologia. Patrick, terapeuta familiare olandese che ha preso in carico la famiglia, ha chiesto una consulenza al Prof. Maurizio Andolfi a Rotterdam, che \u00e8 stata condotta in lingua turca e inglese con l\u2019aiuto di un mediatore culturale. Invece di focalizzarsi sulla diagnosi ADHD, Andolfi invita il bambino a guidarlo, attraverso il genogramma, nell\u2019esplorazione della sua famiglia estesa e, utilizzando una carta geografica, a illustrargli le sue origini turche. In questo \u201cviaggio in Turchia\u201d, Andolfi apprende della recente e improvvisa morte della nonna paterna di Yigit e dei rituali familiari dedicati a questa importante perdita. Allo stesso tempo, la malattia renale cronica del padre viene esplorata, cos\u00ec come la sua mancanza di responsabilit\u00e0 paterna. Alla famiglia vengono affidati alcuni compiti. Per spostare l&#8217;attenzione dall&#8217;iperattivit\u00e0 di Yigit, ai suoi genitori viene chiesto di riportare in un diario il comportamento positivo del bambino a casa e a scuola. Il padre viene incoraggiato ad assumersi maggiori responsabilit\u00e0 come padre e a liberarsi della sua sottomissione alla madre. \u00c8 inclusa una visita a domicilio di Patrick e i genitori e Ygit descrivono con parole loro l&#8217;incredibile trasformazione familiare avvenuta in un anno.<\/p>\n<p><strong>Specifiche<br \/>\n<\/strong>Video in formato mp4 disponibile in download<br \/>\nDurata: 45 min. ca<br \/>\nLingue: Turco, Olandese, Inglese<br \/>\nSottotitoli: Cinese<\/p>\n","protected":false},"excerpt":{"rendered":"<p>Available for download (.mp4 file format)<br \/>\nPayments: PayPal, Credit Card<\/p>\n","protected":false},"featured_media":1271,"template":"","meta":{"_acf_changed":false},"product_brand":[],"product_cat":[57],"product_tag":[],"class_list":{"0":"post-1168","1":"product","2":"type-product","3":"status-publish","4":"has-post-thumbnail","6":"product_cat-video-collection-sub-chinese","7":"sales-flash-overlay","8":"woocommerce-text-align-left","9":"woocommerce-image-align-center","11":"first","12":"instock","13":"downloadable","14":"virtual","15":"sold-individually","16":"taxable","17":"purchasable","18":"product-type-simple"},"acf":[],"_links":{"self":[{"href":"https:\/\/www.accademiapsico.it\/shop\/wp-json\/wp\/v2\/product\/1168","targetHints":{"allow":["GET"]}}],"collection":[{"href":"https:\/\/www.accademiapsico.it\/shop\/wp-json\/wp\/v2\/product"}],"about":[{"href":"https:\/\/www.accademiapsico.it\/shop\/wp-json\/wp\/v2\/types\/product"}],"wp:featuredmedia":[{"embeddable":true,"href":"https:\/\/www.accademiapsico.it\/shop\/wp-json\/wp\/v2\/media\/1271"}],"wp:attachment":[{"href":"https:\/\/www.accademiapsico.it\/shop\/wp-json\/wp\/v2\/media?parent=1168"}],"wp:term":[{"taxonomy":"product_brand","embeddable":true,"href":"https:\/\/www.accademiapsico.it\/shop\/wp-json\/wp\/v2\/product_brand?post=1168"},{"taxonomy":"product_cat","embeddable":true,"href":"https:\/\/www.accademiapsico.it\/shop\/wp-json\/wp\/v2\/product_cat?post=1168"},{"taxonomy":"product_tag","embeddable":true,"href":"https:\/\/www.accademiapsico.it\/shop\/wp-json\/wp\/v2\/product_tag?post=1168"}],"curies":[{"name":"wp","href":"https:\/\/api.w.org\/{rel}","templated":true}]}}