{"id":1166,"date":"2025-02-04T12:23:18","date_gmt":"2025-02-04T12:23:18","guid":{"rendered":"https:\/\/www.accademiapsico.it\/shop\/?post_type=product&#038;p=1166"},"modified":"2025-03-24T18:01:15","modified_gmt":"2025-03-24T18:01:15","slug":"training-family-therapists-on-the-use-of-self-sub-chinese-edition","status":"publish","type":"product","link":"https:\/\/www.accademiapsico.it\/shop\/prodotto\/training-family-therapists-on-the-use-of-self-sub-chinese-edition\/","title":{"rendered":"Training Family Therapists on the Use of Self &#8211; chinese subtitles"},"content":{"rendered":"<p><\/p>\r\n<p>In questa lecture, il prof. Andolfi descrive come formare i terapeuti familiari nell\u2019uso del s\u00e9 e come trasformare gli handicap professionali in risorse terapeutiche. I terapeuti devono andare oltre la loro comprensione professionale dei problemi e imparare come sperimentare le problematiche e il dolore delle persone. Questo video \u00e8 il risultato di 50 anni di lavoro clinico di Andolfi e della formazione di terapeuti provenienti da tutto il mondo e delineer\u00e0 come utilizzare la self-disclosure, come costruire un supervisore interiore e acquisire una serenit\u00e0 terapeutica nel muoversi dentro e dentro fuori dal sistema familiare. Un vero gruppo di formazione internazionale \u00e8 il co-protagonista della seconda parte della lezione, che mostra concretamente l&#8217;uso della scultura di famiglia, del gioco di ruolo e delle prescrizioni nel processo di apprendimento.<em><br \/><\/em><\/p>\r\n<p>\r\n\r\n<\/p>\r\n<p><strong>Specifiche<br \/><\/strong>Video formato digitale in download<br \/>Durata: 69 min. ca<br \/>Lingue: Inglese<br \/>Sottotitoli: Cinese<\/p>\r\n<p><\/p>","protected":false},"excerpt":{"rendered":"<p>In questa lecture, il prof. Andolfi descrive come formare i terapeuti familiari nell\u2019uso del s\u00e9 e come trasformare gli handicap professionali in risorse terapeutiche. I terapeuti devono andare oltre la loro comprensione professionale dei problemi e imparare come sperimentare le problematiche e il dolore delle persone. Questo video \u00e8 il risultato di 50 anni di &#8230; <a title=\"Training Family Therapists on the Use of Self &#8211; chinese subtitles\" class=\"read-more\" href=\"https:\/\/www.accademiapsico.it\/shop\/prodotto\/training-family-therapists-on-the-use-of-self-sub-chinese-edition\/\" aria-label=\"Per saperne di pi\u00f9 su Training Family Therapists on the Use of Self &#8211; chinese subtitles\">Leggi tutto<\/a><\/p>\n","protected":false},"featured_media":1266,"template":"","meta":{"_acf_changed":false},"product_brand":[],"product_cat":[57],"product_tag":[],"class_list":{"0":"post-1166","1":"product","2":"type-product","3":"status-publish","4":"has-post-thumbnail","6":"product_cat-video-collection-sub-chinese","7":"sales-flash-overlay","8":"woocommerce-text-align-left","9":"woocommerce-image-align-center","11":"first","12":"instock","13":"downloadable","14":"virtual","15":"sold-individually","16":"taxable","17":"purchasable","18":"product-type-simple"},"acf":[],"_links":{"self":[{"href":"https:\/\/www.accademiapsico.it\/shop\/wp-json\/wp\/v2\/product\/1166","targetHints":{"allow":["GET"]}}],"collection":[{"href":"https:\/\/www.accademiapsico.it\/shop\/wp-json\/wp\/v2\/product"}],"about":[{"href":"https:\/\/www.accademiapsico.it\/shop\/wp-json\/wp\/v2\/types\/product"}],"wp:featuredmedia":[{"embeddable":true,"href":"https:\/\/www.accademiapsico.it\/shop\/wp-json\/wp\/v2\/media\/1266"}],"wp:attachment":[{"href":"https:\/\/www.accademiapsico.it\/shop\/wp-json\/wp\/v2\/media?parent=1166"}],"wp:term":[{"taxonomy":"product_brand","embeddable":true,"href":"https:\/\/www.accademiapsico.it\/shop\/wp-json\/wp\/v2\/product_brand?post=1166"},{"taxonomy":"product_cat","embeddable":true,"href":"https:\/\/www.accademiapsico.it\/shop\/wp-json\/wp\/v2\/product_cat?post=1166"},{"taxonomy":"product_tag","embeddable":true,"href":"https:\/\/www.accademiapsico.it\/shop\/wp-json\/wp\/v2\/product_tag?post=1166"}],"curies":[{"name":"wp","href":"https:\/\/api.w.org\/{rel}","templated":true}]}}