{"id":1025,"date":"2024-05-21T13:38:27","date_gmt":"2024-05-21T13:38:27","guid":{"rendered":"https:\/\/www.accademiapsico.it\/shop\/?post_type=product&#038;p=1025"},"modified":"2025-05-12T08:43:05","modified_gmt":"2025-05-12T08:43:05","slug":"l-histoire-d-agathe","status":"publish","type":"product","link":"https:\/\/www.accademiapsico.it\/shop\/prodotto\/l-histoire-d-agathe\/","title":{"rendered":"From slow suicide to a return to life: the story of Agathe"},"content":{"rendered":"<p>Agathe, 18 anni, viene ricoverata pi\u00f9 volte in Istituto perch\u00e9 ha sviluppato comportamenti autodistruttivi quali scarificazione, disturbi alimentari, abuso di alcool e tentativi di suicidio. Dopo due anni viene chiesta una consulenza con Maurizio Andolfi a Parigi. Scopo della consulenza \u00e8 di comprendere il significato della violenza che Agathe agisce contro se stessa analizzandone la trasmissione transgenerazionale all\u2019interno della sua famiglia. Attraverso un percorso terapeutico all\u2019Istituto Pin en Mages, seguita dal terapeuta Dominique Bardou, e incontri zoom con Maurizio Andolfi volti a riattivare le risorse interne e esterne alla famiglia, \u00e8 stato possibile aiutare Agathe a ritornare alla vita. In una sessione di follow up organizzata a Roma quando Agathe aveva 23 anni si evidenzia la risoluzione dei sintomi e i cambiamenti avvenuti all\u2019interno della sua famiglia.<\/p>\n<p>&nbsp;<\/p>\n<p><strong>Specifiche<br \/>\n<\/strong>Formato USB<strong><br \/>\n<\/strong>29 min. \/ Colour \/ Widescreen 1.78:1<br \/>\nLingue: Fran\u00e7ais \/ Sottotitoli: English, Espa\u00f1ol, Fran\u00e7ais, Italiano, Portugu\u00eas.<\/p>\n","protected":false},"excerpt":{"rendered":"<p>oppure<\/p>\n<p><a href=\"https:\/\/vimeo.com\/store\/ondemand\/buy\/466011\">Acquista come video on demand su Vimeo &#8211; 20 \u20ac<\/a><\/p>\n","protected":false},"featured_media":1298,"template":"","meta":{"_acf_changed":false},"product_brand":[],"product_cat":[17],"product_tag":[],"class_list":{"0":"post-1025","1":"product","2":"type-product","3":"status-publish","4":"has-post-thumbnail","6":"product_cat-video-collection","7":"sales-flash-overlay","8":"woocommerce-text-align-left","9":"woocommerce-image-align-center","11":"first","12":"instock","13":"taxable","14":"shipping-taxable","15":"purchasable","16":"product-type-simple"},"acf":[],"_links":{"self":[{"href":"https:\/\/www.accademiapsico.it\/shop\/wp-json\/wp\/v2\/product\/1025","targetHints":{"allow":["GET"]}}],"collection":[{"href":"https:\/\/www.accademiapsico.it\/shop\/wp-json\/wp\/v2\/product"}],"about":[{"href":"https:\/\/www.accademiapsico.it\/shop\/wp-json\/wp\/v2\/types\/product"}],"wp:featuredmedia":[{"embeddable":true,"href":"https:\/\/www.accademiapsico.it\/shop\/wp-json\/wp\/v2\/media\/1298"}],"wp:attachment":[{"href":"https:\/\/www.accademiapsico.it\/shop\/wp-json\/wp\/v2\/media?parent=1025"}],"wp:term":[{"taxonomy":"product_brand","embeddable":true,"href":"https:\/\/www.accademiapsico.it\/shop\/wp-json\/wp\/v2\/product_brand?post=1025"},{"taxonomy":"product_cat","embeddable":true,"href":"https:\/\/www.accademiapsico.it\/shop\/wp-json\/wp\/v2\/product_cat?post=1025"},{"taxonomy":"product_tag","embeddable":true,"href":"https:\/\/www.accademiapsico.it\/shop\/wp-json\/wp\/v2\/product_tag?post=1025"}],"curies":[{"name":"wp","href":"https:\/\/api.w.org\/{rel}","templated":true}]}}