{"id":829,"date":"2022-09-29T17:35:27","date_gmt":"2022-09-29T17:35:27","guid":{"rendered":"https:\/\/www.accademiapsico.it\/shop\/?post_type=product&#038;p=829"},"modified":"2024-09-13T08:07:07","modified_gmt":"2024-09-13T08:07:07","slug":"les-galets-de-capucine-du-controle-a-la-redecouverte-des-sentiments","status":"publish","type":"product","link":"https:\/\/www.accademiapsico.it\/shop\/fr\/product\/les-galets-de-capucine-du-controle-a-la-redecouverte-des-sentiments\/","title":{"rendered":"Les galets de Capucine &#8211; Du contr\u00f4le \u00e0 la red\u00e9couverte des sentiments"},"content":{"rendered":"<p>Capucine, dix ans, est amen\u00e9e en th\u00e9rapie parce qu&rsquo;elle a d\u00e9velopp\u00e9 des traits et des rituels obsessionnels. Apr\u00e8s la premi\u00e8re rencontre avec leur th\u00e9rapeute familial, une consultation est recherch\u00e9e avec Maurizio Andolfi \u00e0 Angers, France. Le but de la consultation est de proposer un cheminement th\u00e9rapeutique utilisant les sympt\u00f4mes de Capucine comme porte d&rsquo;entr\u00e9e vers le monde familial et comme opportunit\u00e9 pour favoriser l&rsquo;expression des sentiments en famille. Une s\u00e9ance de suivi avec Capucine cinq ans plus tard d\u00e9crit la r\u00e9solution des sympt\u00f4mes et la transformation de la famille.<\/p>\n<p><strong>Sp\u00e9cifications<br \/>\n<\/strong>Format USB device<br \/>\nDur\u00e9e environ : 44 minutes<br \/>\nCouleur \/ \u00c9cran large 1,78\u00a0: 1<br \/>\nLangues: Fran\u00e7ais et Italien<br \/>\nSous-titres: Anglais, Espagnol, Fran\u00e7ais, Italien, Portugais.<span style=\"color: #888888;\"><br \/>\n<\/span><\/p>\n","protected":false},"excerpt":{"rendered":"<p>ou<\/p>\n<p><a href=\"https:\/\/vimeo.com\/store\/ondemand\/buy\/406928\" target=\"_blank\" rel=\"noopener\">Acheter en video on demand sur Vimeo &#8211; 20 \u20ac<\/a><\/p>\n","protected":false},"featured_media":832,"template":"","meta":{"_acf_changed":false},"product_brand":[],"product_cat":[39],"product_tag":[],"class_list":{"0":"post-829","1":"product","2":"type-product","3":"status-publish","4":"has-post-thumbnail","6":"product_cat-video-collection-fr","7":"sales-flash-overlay","8":"woocommerce-text-align-left","9":"woocommerce-image-align-center","11":"first","12":"instock","13":"taxable","14":"shipping-taxable","15":"purchasable","16":"product-type-simple"},"acf":[],"_links":{"self":[{"href":"https:\/\/www.accademiapsico.it\/shop\/fr\/wp-json\/wp\/v2\/product\/829","targetHints":{"allow":["GET"]}}],"collection":[{"href":"https:\/\/www.accademiapsico.it\/shop\/fr\/wp-json\/wp\/v2\/product"}],"about":[{"href":"https:\/\/www.accademiapsico.it\/shop\/fr\/wp-json\/wp\/v2\/types\/product"}],"wp:featuredmedia":[{"embeddable":true,"href":"https:\/\/www.accademiapsico.it\/shop\/fr\/wp-json\/wp\/v2\/media\/832"}],"wp:attachment":[{"href":"https:\/\/www.accademiapsico.it\/shop\/fr\/wp-json\/wp\/v2\/media?parent=829"}],"wp:term":[{"taxonomy":"product_brand","embeddable":true,"href":"https:\/\/www.accademiapsico.it\/shop\/fr\/wp-json\/wp\/v2\/product_brand?post=829"},{"taxonomy":"product_cat","embeddable":true,"href":"https:\/\/www.accademiapsico.it\/shop\/fr\/wp-json\/wp\/v2\/product_cat?post=829"},{"taxonomy":"product_tag","embeddable":true,"href":"https:\/\/www.accademiapsico.it\/shop\/fr\/wp-json\/wp\/v2\/product_tag?post=829"}],"curies":[{"name":"wp","href":"https:\/\/api.w.org\/{rel}","templated":true}]}}