{"id":752,"date":"2022-03-07T17:22:05","date_gmt":"2022-03-07T17:22:05","guid":{"rendered":"https:\/\/www.accademiapsico.it\/shop\/?post_type=product&#038;p=752"},"modified":"2024-07-17T23:15:21","modified_gmt":"2024-07-17T23:15:21","slug":"la-magia-del-bambino-in-terapia-familiare","status":"publish","type":"product","link":"https:\/\/www.accademiapsico.it\/shop\/fr\/product\/la-magia-del-bambino-in-terapia-familiare\/","title":{"rendered":"La magia del bambino in terapia familiare"},"content":{"rendered":"<p>L\u2019idea centrale del libro \u00e8 che un disturbo infantile, di natura comportamentale, psicosomatica o relazionale, sia sempre un problema familiare e che un bambino non possa essere osservato come un\u2019isola, staccato dai suoi legami affettivi fondamentali.<br \/>\nCi\u00f2 non vuol dire andare alla ricerca delle cause o delle colpe all\u2019interno della famiglia che, al contrario, nella sua dimensione multigenerazionale potr\u00e0 essere una risorsa diagnostica e terapeutica fondamentale. Le teorie sistemiche e la psicoterapia familiare hanno avuto uno sviluppo straordinario negli ultimi cinquant\u2019anni in tutto il mondo, eppure l\u2019attenzione al bambino come risorsa e non come problema da risolvere \u00e8 stata molto carente, sia a livello teorico che terapeutico. Il volume \u00e8 una raccolta di saggi di autorevoli terapeuti familiari e ricercatori italiani, in gran parte espressione culturale e clinica dell\u2019Accademia di Psicoterapia della Famiglia, che spazia nel Pianeta Infanzia a tutto tondo. La nostra profonda appartenenza a un movimento familiare rinnovato e propulsivo, dove il bambino c\u2019\u00e8 ed \u00e8 presente come protagonista ci ha spinto a pubblicarlo come primo libro in lingua italiana nella nuova casa editrice <em>Accademia Press<\/em>. Ci auguriamo che il lettore riesca a cogliere nelle sue pagine le straordinarie capacit\u00e0 del bambino nell\u2019usare la sua \u201cbacchetta magica\u201d per trasformare situazioni relazionali disturbate e distorte in nuove opportunit\u00e0 di cura e di amore.<\/p>\n<p><strong>Maurizio Andolfi<\/strong>, neuropsichiatra infantile, gi\u00e0 professore ordinario Facolt\u00e0 Medicina e Psicologia Sapienza Universit\u00e0 di Roma, \u00e8 Direttore dell\u2019Accademia di Psicoterapia della Famiglia e della rivista <em>Terapia Familiare<\/em>. \u00c8 autore e curatore di numerosi saggi e contributi su tematiche familiari editi in Italia e in vari paesi del mondo.<\/p>\n<p><strong>Anna Mascellani<\/strong>, psicologa e terapeuta familiare, Vicedirettore e didatta dell\u2019Accademia di Psicoterapia della Famiglia, membro del comitato direttivo di Terapia Familiare, ha curato svariate pubblicazioni di psicoterapia con la coppia e con la famiglia. \u00c8 co-autore con Maurizio Andolfi di <em>Storie di Adolescenza<\/em> (2010) e <em>Intimit\u00e0 di coppia e trame familiari<\/em> (2019).<\/p>\n<p><strong>Alessandra Salerno<\/strong>, psicologa e psicoterapeuta, professore associato presso il Dipartimento di Scienze psicologiche, pedagogiche dell\u2019esercizio fisico e della formazione dell\u2019Universit\u00e0 di Palermo, Direttore e didatta dell\u2019Accademia di Psicoterapia della Famiglia, sede di Palermo. Tra le sue ultime pubblicazioni: <em>Oltre il legame. Genitori e figli nei nuovi scenari familiari<\/em> (con M. Garro, 2014); <em>Gli scenari della paternit\u00e0 nella psicologia contemporanea<\/em> (con M. Tosto, 2019), <em>Nuove coppie, nuove unioni. Psicologia delle relazioni amorose moderne<\/em> (con A. Merenda, 2021).<\/p>\n","protected":false},"excerpt":{"rendered":"<p>L\u2019idea centrale del libro \u00e8 che un disturbo infantile, di natura comportamentale, psicosomatica o relazionale, sia sempre un problema familiare e che un bambino non possa essere osservato come un\u2019isola, staccato dai suoi legami affettivi fondamentali. Ci\u00f2 non vuol dire andare alla ricerca delle cause o delle colpe all\u2019interno della famiglia che, al contrario, nella &#8230; <a title=\"La magia del bambino in terapia familiare\" class=\"read-more\" href=\"https:\/\/www.accademiapsico.it\/shop\/fr\/product\/la-magia-del-bambino-in-terapia-familiare\/\" aria-label=\"En savoir plus sur La magia del bambino in terapia familiare\">Lire la suite<\/a><\/p>\n","protected":false},"featured_media":672,"template":"","meta":{"_acf_changed":false},"product_brand":[],"product_cat":[37],"product_tag":[],"class_list":{"0":"post-752","1":"product","2":"type-product","3":"status-publish","4":"has-post-thumbnail","6":"product_cat-books-fr","7":"sales-flash-overlay","8":"woocommerce-text-align-left","9":"woocommerce-image-align-center","10":"wc-has-gallery","12":"first","13":"instock","14":"sale","15":"taxable","16":"shipping-taxable","17":"purchasable","18":"product-type-simple"},"acf":[],"_links":{"self":[{"href":"https:\/\/www.accademiapsico.it\/shop\/fr\/wp-json\/wp\/v2\/product\/752","targetHints":{"allow":["GET"]}}],"collection":[{"href":"https:\/\/www.accademiapsico.it\/shop\/fr\/wp-json\/wp\/v2\/product"}],"about":[{"href":"https:\/\/www.accademiapsico.it\/shop\/fr\/wp-json\/wp\/v2\/types\/product"}],"wp:featuredmedia":[{"embeddable":true,"href":"https:\/\/www.accademiapsico.it\/shop\/fr\/wp-json\/wp\/v2\/media\/672"}],"wp:attachment":[{"href":"https:\/\/www.accademiapsico.it\/shop\/fr\/wp-json\/wp\/v2\/media?parent=752"}],"wp:term":[{"taxonomy":"product_brand","embeddable":true,"href":"https:\/\/www.accademiapsico.it\/shop\/fr\/wp-json\/wp\/v2\/product_brand?post=752"},{"taxonomy":"product_cat","embeddable":true,"href":"https:\/\/www.accademiapsico.it\/shop\/fr\/wp-json\/wp\/v2\/product_cat?post=752"},{"taxonomy":"product_tag","embeddable":true,"href":"https:\/\/www.accademiapsico.it\/shop\/fr\/wp-json\/wp\/v2\/product_tag?post=752"}],"curies":[{"name":"wp","href":"https:\/\/api.w.org\/{rel}","templated":true}]}}