{"id":722,"date":"2021-10-08T07:21:42","date_gmt":"2022-04-07T17:17:05","guid":{"rendered":"https:\/\/www.accademiapsico.it\/shop\/?post_type=product&#038;p=722"},"modified":"2024-09-13T08:05:32","modified_gmt":"2024-09-13T08:05:32","slug":"thomas-king-of-normandy","status":"publish","type":"product","link":"https:\/\/www.accademiapsico.it\/shop\/fr\/product\/thomas-king-of-normandy\/","title":{"rendered":"Thomas: King of Normandy"},"content":{"rendered":"<p>Thomas a eu une longue s\u00e9rie de troubles psychiatriques. Il a pass\u00e9 la moiti\u00e9 de sa vie dans divers h\u00f4pitaux en France. Apr\u00e8s une br\u00e8ve introduction aux ant\u00e9c\u00e9dents m\u00e9dicaux de Thomas, cette vid\u00e9o pr\u00e9sente des s\u00e9ances de th\u00e9rapie en direct avec Thomas et sa famille \u00e0 Nantes, et le suivi qui s&rsquo;ensuit. Andolfi montre comment lib\u00e9rer un jeune adulte de son r\u00f4le de patient psychiatrique, en se concentrant sur ses caract\u00e9ristiques positives et ses comp\u00e9tences relationnelles au sein de la famille. Dans cette s\u00e9ance \u00e9mouvante, Andolfi montre comment responsabiliser et donner de l&rsquo;espoir aux parents inquiets une fois qu&rsquo;il est \u00e9tabli que la famille est le meilleur rem\u00e8de. La position de Thomas en tant qu&rsquo;enfant malade qu&rsquo;il faut prot\u00e9ger est remise en question et transform\u00e9e en une nouvelle opportunit\u00e9 de grandir et de prendre confiance en soi.<\/p>\n<p><strong>Sp\u00e9cifications<br \/>\n<\/strong>Format USB device<br \/>\nDur\u00e9e: 55 min.<br \/>\nCouleur \/ Pal<br \/>\nLangue: Fran\u00e7ais<br \/>\nSous-titres: Anglais, Espagnol, Italien, Portugais<\/p>\n","protected":false},"excerpt":{"rendered":"<p>Thomas a eu une longue s\u00e9rie de troubles psychiatriques. Il a pass\u00e9 la moiti\u00e9 de sa vie dans divers h\u00f4pitaux en France. Apr\u00e8s une br\u00e8ve introduction aux ant\u00e9c\u00e9dents m\u00e9dicaux de Thomas, cette vid\u00e9o pr\u00e9sente des s\u00e9ances de th\u00e9rapie en direct avec Thomas et sa famille \u00e0 Nantes, et le suivi qui s&rsquo;ensuit. Andolfi montre comment &#8230; <a title=\"Thomas: King of Normandy\" class=\"read-more\" href=\"https:\/\/www.accademiapsico.it\/shop\/fr\/product\/thomas-king-of-normandy\/\" aria-label=\"En savoir plus sur Thomas: King of Normandy\">Lire la suite<\/a><\/p>\n","protected":false},"featured_media":652,"template":"","meta":{"_acf_changed":false},"product_brand":[],"product_cat":[39],"product_tag":[],"class_list":{"0":"post-722","1":"product","2":"type-product","3":"status-publish","4":"has-post-thumbnail","6":"product_cat-video-collection-fr","7":"sales-flash-overlay","8":"woocommerce-text-align-left","9":"woocommerce-image-align-center","11":"first","12":"instock","13":"taxable","14":"shipping-taxable","15":"purchasable","16":"product-type-simple"},"acf":[],"_links":{"self":[{"href":"https:\/\/www.accademiapsico.it\/shop\/fr\/wp-json\/wp\/v2\/product\/722","targetHints":{"allow":["GET"]}}],"collection":[{"href":"https:\/\/www.accademiapsico.it\/shop\/fr\/wp-json\/wp\/v2\/product"}],"about":[{"href":"https:\/\/www.accademiapsico.it\/shop\/fr\/wp-json\/wp\/v2\/types\/product"}],"wp:featuredmedia":[{"embeddable":true,"href":"https:\/\/www.accademiapsico.it\/shop\/fr\/wp-json\/wp\/v2\/media\/652"}],"wp:attachment":[{"href":"https:\/\/www.accademiapsico.it\/shop\/fr\/wp-json\/wp\/v2\/media?parent=722"}],"wp:term":[{"taxonomy":"product_brand","embeddable":true,"href":"https:\/\/www.accademiapsico.it\/shop\/fr\/wp-json\/wp\/v2\/product_brand?post=722"},{"taxonomy":"product_cat","embeddable":true,"href":"https:\/\/www.accademiapsico.it\/shop\/fr\/wp-json\/wp\/v2\/product_cat?post=722"},{"taxonomy":"product_tag","embeddable":true,"href":"https:\/\/www.accademiapsico.it\/shop\/fr\/wp-json\/wp\/v2\/product_tag?post=722"}],"curies":[{"name":"wp","href":"https:\/\/api.w.org\/{rel}","templated":true}]}}