{"id":721,"date":"2021-10-08T07:33:58","date_gmt":"2022-04-07T17:13:38","guid":{"rendered":"https:\/\/www.accademiapsico.it\/shop\/?post_type=product&#038;p=721"},"modified":"2024-09-13T08:05:23","modified_gmt":"2024-09-13T08:05:23","slug":"a-long-time-ago-family-children-in-the-middle-of-an-angry-marital-separation","status":"publish","type":"product","link":"https:\/\/www.accademiapsico.it\/shop\/fr\/product\/a-long-time-ago-family-children-in-the-middle-of-an-angry-marital-separation\/","title":{"rendered":"A \u201cLong Time Ago\u201d Family: Children in the middle of an angry marital separation"},"content":{"rendered":"<p>Cette s\u00e9ance, enregistr\u00e9e en 2014 et publi\u00e9e par l&rsquo;Acad\u00e9mie de la biblioth\u00e8que multim\u00e9dia, montre Maurizio Andolfi en s\u00e9ance de th\u00e9rapie avec la famille Smith. Casey et Elsa sont un couple d&rsquo;\u00e2ge moyen qui s&rsquo;est s\u00e9par\u00e9 il y a trois ans. Ils sont toujours en col\u00e8re l&rsquo;un contre l&rsquo;autre et les enfants se retrouvent au centre de leurs disputes personnelles. Sa fille Jana a 16 ans et Tim, le plus jeune, a 13 ans. Tous deux vivent avec leur m\u00e8re, qui a un nouveau partenaire. Le p\u00e8re vit seul et a un mauvais caract\u00e8re et a \u00e9t\u00e9 violent avec Jana dans le pass\u00e9. Les parents s&rsquo;inqui\u00e8tent pour elle. Jana consomme de la drogue et a tent\u00e9 de se suicider. A \u00ab\u00a0LONG TIME AGO\u00a0\u00bb FAMILY d\u00e9montre comment le mod\u00e8le de th\u00e9rapie familiale multig\u00e9n\u00e9rationnelle peut aider les enfants qui sont au centre d&rsquo;une s\u00e9paration conjugale et faire en sorte que Jana transforme son inconfort en un atout pour la famille.<\/p>\n<p><strong>Sp\u00e9cifications<\/strong><br \/>\nFormat USB device<br \/>\nDur\u00e9e : 47 min.<br \/>\nCouleur \/ Pal<br \/>\nLangues: Anglais<br \/>\nSous-titres: Anglais, Espagnol, Fran\u00e7ais, Italien<\/p>\n","protected":false},"excerpt":{"rendered":"<p>Cette s\u00e9ance, enregistr\u00e9e en 2014 et publi\u00e9e par l&rsquo;Acad\u00e9mie de la biblioth\u00e8que multim\u00e9dia, montre Maurizio Andolfi en s\u00e9ance de th\u00e9rapie avec la famille Smith. Casey et Elsa sont un couple d&rsquo;\u00e2ge moyen qui s&rsquo;est s\u00e9par\u00e9 il y a trois ans. Ils sont toujours en col\u00e8re l&rsquo;un contre l&rsquo;autre et les enfants se retrouvent au centre &#8230; <a title=\"A \u201cLong Time Ago\u201d Family: Children in the middle of an angry marital separation\" class=\"read-more\" href=\"https:\/\/www.accademiapsico.it\/shop\/fr\/product\/a-long-time-ago-family-children-in-the-middle-of-an-angry-marital-separation\/\" aria-label=\"En savoir plus sur A \u201cLong Time Ago\u201d Family: Children in the middle of an angry marital separation\">Lire la suite<\/a><\/p>\n","protected":false},"featured_media":653,"template":"","meta":{"_acf_changed":false},"product_brand":[],"product_cat":[39],"product_tag":[],"class_list":{"0":"post-721","1":"product","2":"type-product","3":"status-publish","4":"has-post-thumbnail","6":"product_cat-video-collection-fr","7":"sales-flash-overlay","8":"woocommerce-text-align-left","9":"woocommerce-image-align-center","11":"first","12":"instock","13":"taxable","14":"shipping-taxable","15":"purchasable","16":"product-type-simple"},"acf":[],"_links":{"self":[{"href":"https:\/\/www.accademiapsico.it\/shop\/fr\/wp-json\/wp\/v2\/product\/721","targetHints":{"allow":["GET"]}}],"collection":[{"href":"https:\/\/www.accademiapsico.it\/shop\/fr\/wp-json\/wp\/v2\/product"}],"about":[{"href":"https:\/\/www.accademiapsico.it\/shop\/fr\/wp-json\/wp\/v2\/types\/product"}],"wp:featuredmedia":[{"embeddable":true,"href":"https:\/\/www.accademiapsico.it\/shop\/fr\/wp-json\/wp\/v2\/media\/653"}],"wp:attachment":[{"href":"https:\/\/www.accademiapsico.it\/shop\/fr\/wp-json\/wp\/v2\/media?parent=721"}],"wp:term":[{"taxonomy":"product_brand","embeddable":true,"href":"https:\/\/www.accademiapsico.it\/shop\/fr\/wp-json\/wp\/v2\/product_brand?post=721"},{"taxonomy":"product_cat","embeddable":true,"href":"https:\/\/www.accademiapsico.it\/shop\/fr\/wp-json\/wp\/v2\/product_cat?post=721"},{"taxonomy":"product_tag","embeddable":true,"href":"https:\/\/www.accademiapsico.it\/shop\/fr\/wp-json\/wp\/v2\/product_tag?post=721"}],"curies":[{"name":"wp","href":"https:\/\/api.w.org\/{rel}","templated":true}]}}