{"id":718,"date":"2021-10-08T07:43:19","date_gmt":"2022-04-07T17:03:28","guid":{"rendered":"https:\/\/www.accademiapsico.it\/shop\/?post_type=product&#038;p=718"},"modified":"2025-04-15T07:04:21","modified_gmt":"2025-04-15T07:04:21","slug":"adolescents-at-risk-and-multi-problematic-families","status":"publish","type":"product","link":"https:\/\/www.accademiapsico.it\/shop\/fr\/product\/adolescents-at-risk-and-multi-problematic-families\/","title":{"rendered":"Adolescents at Risk and Multi Problematic Families"},"content":{"rendered":"<p>Dans cette le\u00e7on th\u00e9orico-clinique, Maurizio Andolfi d\u00e9crit l&rsquo;application de son mod\u00e8le de th\u00e9rapie familiale multig\u00e9n\u00e9rationnelle dans le travail clinique avec des adolescents \u00e0 risque. Dans un premier temps, sont d\u00e9crits les points cl\u00e9s pour comprendre la transformation physique et psychologique des adolescents et les probl\u00e8mes familiaux qui y sont li\u00e9s. Andolfi montre en action son extraordinaire capacit\u00e9 \u00e0 construire une alliance th\u00e9rapeutique avec la famille \u00e0 travers les sympt\u00f4mes de l&rsquo;adolescence et \u00e0 produire des changements individuels et relationnels surprenants. Comportements violents, troubles alimentaires et ob\u00e9sit\u00e9, d\u00e9pression et tentatives de suicide sont quelques-uns des probl\u00e8mes pr\u00e9sent\u00e9s par les adolescents \u00e0 risque qui peuvent \u00eatre transform\u00e9s en ressources relationnelles et la famille, si elle n&rsquo;est pas jug\u00e9e comme la cause, peut devenir \u00ab\u00a0le meilleur rem\u00e8de\u00a0\u00bb. La famille \u00e9largie, les amis et les membres de la communaut\u00e9 peuvent \u00eatre invit\u00e9s \u00e0 des s\u00e9ances sp\u00e9ciales pour soutenir les familles dans le besoin. Des vid\u00e9os de th\u00e9rapies familiales men\u00e9es par Maurizio Andolfi dans diff\u00e9rents pays sont incluses dans cette le\u00e7on de ma\u00eetrise.<\/p>\n<p><strong>Sp\u00e9cifications<br \/>\n<\/strong>Format USB device<br \/>\nDur\u00e9e : 55 mn. environ<br \/>\nCouleur \/ Pal<br \/>\nLangues: Diverses<br \/>\nSous-titres: Anglais (Forc\u00e9), Espagnol, Fran\u00e7ais, Italien, Portugais<\/p>\n","protected":false},"excerpt":{"rendered":"<p>ou<\/p>\n<p><a href=\"https:\/\/vimeo.com\/store\/ondemand\/buy\/261267\">Acheter en video on demand sur Vimeo \u2013 20 \u20ac<\/a><\/p>\n","protected":false},"featured_media":656,"template":"","meta":{"_acf_changed":false},"product_brand":[],"product_cat":[39],"product_tag":[],"class_list":{"0":"post-718","1":"product","2":"type-product","3":"status-publish","4":"has-post-thumbnail","6":"product_cat-video-collection-fr","7":"sales-flash-overlay","8":"woocommerce-text-align-left","9":"woocommerce-image-align-center","11":"first","12":"instock","13":"taxable","14":"shipping-taxable","15":"purchasable","16":"product-type-simple"},"acf":[],"_links":{"self":[{"href":"https:\/\/www.accademiapsico.it\/shop\/fr\/wp-json\/wp\/v2\/product\/718","targetHints":{"allow":["GET"]}}],"collection":[{"href":"https:\/\/www.accademiapsico.it\/shop\/fr\/wp-json\/wp\/v2\/product"}],"about":[{"href":"https:\/\/www.accademiapsico.it\/shop\/fr\/wp-json\/wp\/v2\/types\/product"}],"wp:featuredmedia":[{"embeddable":true,"href":"https:\/\/www.accademiapsico.it\/shop\/fr\/wp-json\/wp\/v2\/media\/656"}],"wp:attachment":[{"href":"https:\/\/www.accademiapsico.it\/shop\/fr\/wp-json\/wp\/v2\/media?parent=718"}],"wp:term":[{"taxonomy":"product_brand","embeddable":true,"href":"https:\/\/www.accademiapsico.it\/shop\/fr\/wp-json\/wp\/v2\/product_brand?post=718"},{"taxonomy":"product_cat","embeddable":true,"href":"https:\/\/www.accademiapsico.it\/shop\/fr\/wp-json\/wp\/v2\/product_cat?post=718"},{"taxonomy":"product_tag","embeddable":true,"href":"https:\/\/www.accademiapsico.it\/shop\/fr\/wp-json\/wp\/v2\/product_tag?post=718"}],"curies":[{"name":"wp","href":"https:\/\/api.w.org\/{rel}","templated":true}]}}