{"id":715,"date":"2021-10-08T07:50:31","date_gmt":"2022-04-07T16:54:49","guid":{"rendered":"https:\/\/www.accademiapsico.it\/shop\/?post_type=product&#038;p=715"},"modified":"2024-09-13T07:59:49","modified_gmt":"2024-09-13T07:59:49","slug":"fathers-a-missing-and-neglected-resource-in-family-and-in-therapy","status":"publish","type":"product","link":"https:\/\/www.accademiapsico.it\/shop\/fr\/product\/fathers-a-missing-and-neglected-resource-in-family-and-in-therapy\/","title":{"rendered":"Fathers: a missing and neglected resource in family and in therapy"},"content":{"rendered":"<p>Dans cette le\u00e7on, Maurizio Andolfi d\u00e9crit comment red\u00e9couvrir positivement la pr\u00e9sence de la figure paternelle dans la famille et en th\u00e9rapie. Partant d&rsquo;un couple amoureux, il esquisse la difficile transformation de la dyade en triade apr\u00e8s la naissance d&rsquo;un enfant. Malheureusement, la figure paternelle n&rsquo;est pas envisag\u00e9e dans les th\u00e9ories du d\u00e9veloppement de l&rsquo;enfance et sa \u00ab\u00a0figure absente\u00a0\u00bb dans la vie familiale est principalement une construction sociale bas\u00e9e sur d&rsquo;anciens st\u00e9r\u00e9otypes de genre. Andolfi souligne l&rsquo;importance pour le p\u00e8re de casser \u00ab\u00a0le code masculin\u00a0\u00bb et son \u00ab\u00a0addiction au travail\u00a0\u00bb et de se r\u00e9inventer dans une nouvelle dimension de la coparentalit\u00e9. \u00c9couter ses enfants et revenir aux sources sont deux outils puissants pour impliquer les p\u00e8res dans la th\u00e9rapie et vivre pleinement la paternit\u00e9.<\/p>\n<p><strong>Sp\u00e9cifications<br \/>\n<\/strong>Format USB device<br \/>\nDur\u00e9e : 20 min.<br \/>\nCouleur \/ Pal<br \/>\nLangues: Anglais<br \/>\nSous-titres: Espagnol, Fran\u00e7ais, Italien<\/p>\n","protected":false},"excerpt":{"rendered":"<p>ou<\/p>\n<p><a href=\"https:\/\/vimeo.com\/store\/ondemand\/buy\/261285\">Acheter en video on demand sur Vimeo \u2013 20 \u20ac<\/a><\/p>\n","protected":false},"featured_media":658,"template":"","meta":{"_acf_changed":false},"product_brand":[],"product_cat":[39],"product_tag":[],"class_list":{"0":"post-715","1":"product","2":"type-product","3":"status-publish","4":"has-post-thumbnail","6":"product_cat-video-collection-fr","7":"sales-flash-overlay","8":"woocommerce-text-align-left","9":"woocommerce-image-align-center","11":"first","12":"instock","13":"taxable","14":"shipping-taxable","15":"purchasable","16":"product-type-simple"},"acf":[],"_links":{"self":[{"href":"https:\/\/www.accademiapsico.it\/shop\/fr\/wp-json\/wp\/v2\/product\/715","targetHints":{"allow":["GET"]}}],"collection":[{"href":"https:\/\/www.accademiapsico.it\/shop\/fr\/wp-json\/wp\/v2\/product"}],"about":[{"href":"https:\/\/www.accademiapsico.it\/shop\/fr\/wp-json\/wp\/v2\/types\/product"}],"wp:featuredmedia":[{"embeddable":true,"href":"https:\/\/www.accademiapsico.it\/shop\/fr\/wp-json\/wp\/v2\/media\/658"}],"wp:attachment":[{"href":"https:\/\/www.accademiapsico.it\/shop\/fr\/wp-json\/wp\/v2\/media?parent=715"}],"wp:term":[{"taxonomy":"product_brand","embeddable":true,"href":"https:\/\/www.accademiapsico.it\/shop\/fr\/wp-json\/wp\/v2\/product_brand?post=715"},{"taxonomy":"product_cat","embeddable":true,"href":"https:\/\/www.accademiapsico.it\/shop\/fr\/wp-json\/wp\/v2\/product_cat?post=715"},{"taxonomy":"product_tag","embeddable":true,"href":"https:\/\/www.accademiapsico.it\/shop\/fr\/wp-json\/wp\/v2\/product_tag?post=715"}],"curies":[{"name":"wp","href":"https:\/\/api.w.org\/{rel}","templated":true}]}}