{"id":713,"date":"2021-10-08T07:57:05","date_gmt":"2022-04-07T16:40:52","guid":{"rendered":"https:\/\/www.accademiapsico.it\/shop\/?post_type=product&#038;p=713"},"modified":"2024-09-13T07:59:58","modified_gmt":"2024-09-13T07:59:58","slug":"mft-multigenerational-family-therapy","status":"publish","type":"product","link":"https:\/\/www.accademiapsico.it\/shop\/fr\/product\/mft-multigenerational-family-therapy\/","title":{"rendered":"MFT \u2013 Multigenerational Family Therapy"},"content":{"rendered":"<p>Dans cette le\u00e7on, Maurizio Andolfi d\u00e9crit son mod\u00e8le : la th\u00e9rapie familiale multig\u00e9n\u00e9rationnelle. Influenc\u00e9 par les th\u00e9ories de Bowen, Framo et Boszomenyi-Nagy, Andolfi \u00e9largit les horizons, explorant l&rsquo;histoire de la famille \u00e0 travers la voix des enfants et des adolescents, qui deviennent des ponts relationnels importants dans le dialogue ou le choc entre les diff\u00e9rentes g\u00e9n\u00e9rations. Dans cette le\u00e7on, un mod\u00e8le d&rsquo;intervention exp\u00e9rientiel est mis en avant, qui r\u00e9v\u00e8le les limites du mod\u00e8le m\u00e9dical dans son approche des probl\u00e8mes familiaux et propose la cr\u00e9ativit\u00e9 et les relations comme la meilleure fa\u00e7on de construire une alliance avec une famille en difficult\u00e9. Pour ce faire, le th\u00e9rapeute doit se lib\u00e9rer des st\u00e9r\u00e9otypes culturels et des routines institutionnelles, en gardant \u00e0 l&rsquo;esprit la carte multig\u00e9n\u00e9rationnelle de la famille et l&rsquo;utilisation du g\u00e9nogramme, afin d&rsquo;activer les ressources de la famille vers le chemin du r\u00e9tablissement.<\/p>\n<p><strong>Sp\u00e9cifications<br \/>\n<\/strong>Format USB device<br \/>\nDur\u00e9e: 33 min.<br \/>\nLangues: Anglais<br \/>\nSous-titres: Espagnol, Fran\u00e7ais, Italien<\/p>\n","protected":false},"excerpt":{"rendered":"<p>ou<\/p>\n<p><a href=\"https:\/\/vimeo.com\/store\/ondemand\/buy\/261281\">Acheter en video on demand sur Vimeo \u2013 20 \u20ac<\/a><\/p>\n","protected":false},"featured_media":660,"template":"","meta":{"_acf_changed":false},"product_brand":[],"product_cat":[39],"product_tag":[],"class_list":{"0":"post-713","1":"product","2":"type-product","3":"status-publish","4":"has-post-thumbnail","6":"product_cat-video-collection-fr","7":"sales-flash-overlay","8":"woocommerce-text-align-left","9":"woocommerce-image-align-center","11":"first","12":"instock","13":"taxable","14":"shipping-taxable","15":"purchasable","16":"product-type-simple"},"acf":[],"_links":{"self":[{"href":"https:\/\/www.accademiapsico.it\/shop\/fr\/wp-json\/wp\/v2\/product\/713","targetHints":{"allow":["GET"]}}],"collection":[{"href":"https:\/\/www.accademiapsico.it\/shop\/fr\/wp-json\/wp\/v2\/product"}],"about":[{"href":"https:\/\/www.accademiapsico.it\/shop\/fr\/wp-json\/wp\/v2\/types\/product"}],"wp:featuredmedia":[{"embeddable":true,"href":"https:\/\/www.accademiapsico.it\/shop\/fr\/wp-json\/wp\/v2\/media\/660"}],"wp:attachment":[{"href":"https:\/\/www.accademiapsico.it\/shop\/fr\/wp-json\/wp\/v2\/media?parent=713"}],"wp:term":[{"taxonomy":"product_brand","embeddable":true,"href":"https:\/\/www.accademiapsico.it\/shop\/fr\/wp-json\/wp\/v2\/product_brand?post=713"},{"taxonomy":"product_cat","embeddable":true,"href":"https:\/\/www.accademiapsico.it\/shop\/fr\/wp-json\/wp\/v2\/product_cat?post=713"},{"taxonomy":"product_tag","embeddable":true,"href":"https:\/\/www.accademiapsico.it\/shop\/fr\/wp-json\/wp\/v2\/product_tag?post=713"}],"curies":[{"name":"wp","href":"https:\/\/api.w.org\/{rel}","templated":true}]}}