{"id":709,"date":"2021-10-08T08:01:56","date_gmt":"2022-04-05T11:15:13","guid":{"rendered":"https:\/\/www.accademiapsico.it\/shop\/?post_type=product&#038;p=709"},"modified":"2024-09-13T08:00:05","modified_gmt":"2024-09-13T08:00:05","slug":"the-volcano-and-the-ice-block","status":"publish","type":"product","link":"https:\/\/www.accademiapsico.it\/shop\/fr\/product\/the-volcano-and-the-ice-block\/","title":{"rendered":"The Volcano and the Ice Block"},"content":{"rendered":"<p>Ilan, 11 ans, est amen\u00e9 en th\u00e9rapie familiale en raison de son comportement agressif et de ses sentiments de col\u00e8re envers son p\u00e8re. Se pr\u00e9sentant comme un sp\u00e9cialiste des enfants, Maurizio Andolfi commence \u00e0 impliquer Ilan et ses fr\u00e8res en explorant l&rsquo;histoire de la famille \u00e0 travers le g\u00e9nogramme. En particulier, il interroge les enfants sur les relations entre fr\u00e8res et s\u0153urs et parents. Tr\u00e8s vite, les exp\u00e9riences traumatisantes des deux familles sont r\u00e9v\u00e9l\u00e9es, avec la description des lieux o\u00f9 les grands-parents ont \u00e9t\u00e9 cach\u00e9s pendant la Seconde Guerre mondiale. A partir de la col\u00e8re d&rsquo;Ilan, un voyage dans la col\u00e8re est propos\u00e9 dans les deux familles d&rsquo;origine. Chacun est invit\u00e9 \u00e0 dessiner une image de col\u00e8re et de tristesse, qui se cache toujours derri\u00e8re la col\u00e8re. Le volcan et le bloc de glace sont les images offertes par Ilan et suivies de tous les dessins des autres.<\/p>\n<p><strong>Sp\u00e9cifications<br \/>\n<\/strong>Format USB device<br \/>\nDur\u00e9e: 41 min.<br \/>\nCouleur<br \/>\nLangues: Fran\u00e7ais, Italien<br \/>\nSous-titres: English, Espa\u00f1ol, Fran\u00e7ais, Italiano, Portugu\u00eas.<\/p>\n","protected":false},"excerpt":{"rendered":"<p>ou<\/p>\n<p><a href=\"https:\/\/vimeo.com\/store\/ondemand\/buy\/261301\">Acheter en video on demand sur Vimeo \u2013 20 \u20ac<\/a><\/p>\n","protected":false},"featured_media":661,"template":"","meta":{"_acf_changed":false},"product_brand":[],"product_cat":[39],"product_tag":[],"class_list":{"0":"post-709","1":"product","2":"type-product","3":"status-publish","4":"has-post-thumbnail","6":"product_cat-video-collection-fr","7":"sales-flash-overlay","8":"woocommerce-text-align-left","9":"woocommerce-image-align-center","11":"first","12":"instock","13":"taxable","14":"shipping-taxable","15":"purchasable","16":"product-type-simple"},"acf":[],"_links":{"self":[{"href":"https:\/\/www.accademiapsico.it\/shop\/fr\/wp-json\/wp\/v2\/product\/709","targetHints":{"allow":["GET"]}}],"collection":[{"href":"https:\/\/www.accademiapsico.it\/shop\/fr\/wp-json\/wp\/v2\/product"}],"about":[{"href":"https:\/\/www.accademiapsico.it\/shop\/fr\/wp-json\/wp\/v2\/types\/product"}],"wp:featuredmedia":[{"embeddable":true,"href":"https:\/\/www.accademiapsico.it\/shop\/fr\/wp-json\/wp\/v2\/media\/661"}],"wp:attachment":[{"href":"https:\/\/www.accademiapsico.it\/shop\/fr\/wp-json\/wp\/v2\/media?parent=709"}],"wp:term":[{"taxonomy":"product_brand","embeddable":true,"href":"https:\/\/www.accademiapsico.it\/shop\/fr\/wp-json\/wp\/v2\/product_brand?post=709"},{"taxonomy":"product_cat","embeddable":true,"href":"https:\/\/www.accademiapsico.it\/shop\/fr\/wp-json\/wp\/v2\/product_cat?post=709"},{"taxonomy":"product_tag","embeddable":true,"href":"https:\/\/www.accademiapsico.it\/shop\/fr\/wp-json\/wp\/v2\/product_tag?post=709"}],"curies":[{"name":"wp","href":"https:\/\/api.w.org\/{rel}","templated":true}]}}