{"id":1536,"date":"2026-02-16T19:04:54","date_gmt":"2026-02-16T19:04:54","guid":{"rendered":"https:\/\/www.accademiapsico.it\/shop\/?post_type=product&#038;p=1536"},"modified":"2026-02-20T18:50:54","modified_gmt":"2026-02-20T18:50:54","slug":"loss-grief-and-family-resources","status":"publish","type":"product","link":"https:\/\/www.accademiapsico.it\/shop\/fr\/product\/loss-grief-and-family-resources\/","title":{"rendered":"Loss, grief and family resources: father&rsquo;s death and the miracle child"},"content":{"rendered":"<p>Dans cette s\u00e9rie Master, le professeur Maurizio Andolfi pr\u00e9sente les principaux points d&rsquo;une consultation familiale avec une famille italo-britannique.<br \/>\nJohn est d\u00e9c\u00e9d\u00e9 il y a trois ans d&rsquo;un cancer c\u00e9r\u00e9bral soudain, laissant les femmes de sa famille dans un grand d\u00e9sespoir. Lea, son \u00e9pouse, Gloria\/Glory, sa fille adolescente, et Mary, sa m\u00e8re, sont pr\u00e9sentes \u00e0 cette r\u00e9union. Cette s\u00e9ance d\u00e9crit le processus de deuil de cette famille et illustre comment surmonter les conflits pass\u00e9s et les \u00ab loyaut\u00e9s invisibles \u00bb afin de r\u00e9tablir des liens intimes entre les membres de la famille. Le th\u00e9rapeute entre dans la famille par l&rsquo;interm\u00e9diaire de Gloria, qui le guide \u00e0 travers les multiples pertes et conflits entre les deux branches de la famille. Le mod\u00e8le multig\u00e9n\u00e9rationnel et l&rsquo;approche ascendante sont bien d\u00e9crits dans cette consultation, qui se termine par un rituel de reconnexion et de pardon.<br \/>\nL&rsquo;histoire de la vraie famille est jou\u00e9e par trois acteurs qui ont su capturer les sentiments profonds de chaque membre de la famille.<\/p>\n<p><strong>Caract\u00e9ristiques techniques<\/strong><br \/>\nFormat: USB Device<br \/>\n40 min \/ Couleur \/ HD 1080p &#8211; \u00c9cran large 1,78:1<br \/>\nLangue: ANGLAIS<br \/>\nSous-titres: anglais, fran\u00e7ais, italien, portugais, espagnol<\/p>\n","protected":false},"excerpt":{"rendered":"<p>ou<\/p>\n<p><a href=\"https:\/\/vimeo.com\/ondemand\/lossgriefandfamilyres\">Acheter en video on demand sur Vimeo &#8211; 20\u20ac<\/a><\/p>\n","protected":false},"featured_media":1540,"template":"","meta":{"_acf_changed":false},"product_brand":[],"product_cat":[39],"product_tag":[],"class_list":{"0":"post-1536","1":"product","2":"type-product","3":"status-publish","4":"has-post-thumbnail","6":"product_cat-video-collection-fr","7":"sales-flash-overlay","8":"woocommerce-text-align-left","9":"woocommerce-image-align-center","11":"first","12":"instock","13":"taxable","14":"shipping-taxable","15":"purchasable","16":"product-type-simple"},"acf":[],"_links":{"self":[{"href":"https:\/\/www.accademiapsico.it\/shop\/fr\/wp-json\/wp\/v2\/product\/1536","targetHints":{"allow":["GET"]}}],"collection":[{"href":"https:\/\/www.accademiapsico.it\/shop\/fr\/wp-json\/wp\/v2\/product"}],"about":[{"href":"https:\/\/www.accademiapsico.it\/shop\/fr\/wp-json\/wp\/v2\/types\/product"}],"wp:featuredmedia":[{"embeddable":true,"href":"https:\/\/www.accademiapsico.it\/shop\/fr\/wp-json\/wp\/v2\/media\/1540"}],"wp:attachment":[{"href":"https:\/\/www.accademiapsico.it\/shop\/fr\/wp-json\/wp\/v2\/media?parent=1536"}],"wp:term":[{"taxonomy":"product_brand","embeddable":true,"href":"https:\/\/www.accademiapsico.it\/shop\/fr\/wp-json\/wp\/v2\/product_brand?post=1536"},{"taxonomy":"product_cat","embeddable":true,"href":"https:\/\/www.accademiapsico.it\/shop\/fr\/wp-json\/wp\/v2\/product_cat?post=1536"},{"taxonomy":"product_tag","embeddable":true,"href":"https:\/\/www.accademiapsico.it\/shop\/fr\/wp-json\/wp\/v2\/product_tag?post=1536"}],"curies":[{"name":"wp","href":"https:\/\/api.w.org\/{rel}","templated":true}]}}