{"id":1530,"date":"2026-02-15T18:20:41","date_gmt":"2026-02-15T18:20:41","guid":{"rendered":"https:\/\/www.accademiapsico.it\/shop\/?post_type=product&#038;p=1530"},"modified":"2026-02-20T18:14:51","modified_gmt":"2026-02-20T18:14:51","slug":"parents-on-the-brink-of-breaking-up","status":"publish","type":"product","link":"https:\/\/www.accademiapsico.it\/shop\/fr\/product\/parents-on-the-brink-of-breaking-up\/","title":{"rendered":"Parents on the brink of breaking up: grown-up children as a therapeutic resource"},"content":{"rendered":"<p>Dans cette s\u00e9rie Master, le professeur Maurizio Andolfi souligne l&rsquo;utilit\u00e9 d&rsquo;inviter les enfants en tant que consultants dans le cadre d&rsquo;une th\u00e9rapie de couple interg\u00e9n\u00e9rationnelle.<br \/>\nLa pr\u00e9sence des deux enfants adultes \u00e0 la s\u00e9ance avec leurs parents mobilise des \u00e9nergies positives et met en \u00e9vidence leur compr\u00e9hension de la situation et leur attention envers leurs parents.<br \/>\nIrene et Mark sont jumeaux et ont r\u00e9cemment quitt\u00e9 la maison afin de mener \u00e0 bien leur carri\u00e8re professionnelle. Ils ont 22 ans, mais sont nettement plus m\u00fbrs que leur jeune \u00e2ge. Ils ont une vision claire de la dynamique parentale et du risque de s\u00e9paration de leurs parents, qui ont pourtant \u00e9t\u00e9 des parents fantastiques et d\u00e9vou\u00e9s.<br \/>\nIrene est plus proche de sa m\u00e8re et Mark de son p\u00e8re. Irene est capable de comprendre les sentiments de solitude de sa m\u00e8re, loin de l&rsquo;Afrique du Sud, et exprime son d\u00e9sespoir, tandis que Mark semble capable de faire preuve d&#8217;empathie pour la timidit\u00e9 de son p\u00e8re et sa difficult\u00e9 \u00e0 se lib\u00e9rer de sa d\u00e9pendance excessive envers sa propre m\u00e8re et \u00e0 acqu\u00e9rir une autorit\u00e9 personnelle.<br \/>\nL&rsquo;histoire r\u00e9elle de cette famille est jou\u00e9e par quatre acteurs capables de simuler et de s&rsquo;identifier \u00e0 chaque membre de la famille.<\/p>\n<p><strong>Caract\u00e9ristiques techniques<\/strong><br \/>\nFormat: USB Device<br \/>\n39 min \/ Couleur \/ HD 1080p &#8211; \u00c9cran large 1,78:1<br \/>\nLangue: ANGLAIS<br \/>\nSous-titres: anglais, fran\u00e7ais, italien, portugais, espagnol<\/p>\n","protected":false},"excerpt":{"rendered":"<p>ou<\/p>\n<p><a href=\"https:\/\/vimeo.com\/ondemand\/parentsonthebrinkof\">Acheter en video on demand sur Vimeo &#8211; 20\u20ac<\/a><\/p>\n","protected":false},"featured_media":1533,"template":"","meta":{"_acf_changed":false},"product_brand":[],"product_cat":[39],"product_tag":[],"class_list":{"0":"post-1530","1":"product","2":"type-product","3":"status-publish","4":"has-post-thumbnail","6":"product_cat-video-collection-fr","7":"sales-flash-overlay","8":"woocommerce-text-align-left","9":"woocommerce-image-align-center","11":"first","12":"instock","13":"taxable","14":"shipping-taxable","15":"purchasable","16":"product-type-simple"},"acf":[],"_links":{"self":[{"href":"https:\/\/www.accademiapsico.it\/shop\/fr\/wp-json\/wp\/v2\/product\/1530","targetHints":{"allow":["GET"]}}],"collection":[{"href":"https:\/\/www.accademiapsico.it\/shop\/fr\/wp-json\/wp\/v2\/product"}],"about":[{"href":"https:\/\/www.accademiapsico.it\/shop\/fr\/wp-json\/wp\/v2\/types\/product"}],"wp:featuredmedia":[{"embeddable":true,"href":"https:\/\/www.accademiapsico.it\/shop\/fr\/wp-json\/wp\/v2\/media\/1533"}],"wp:attachment":[{"href":"https:\/\/www.accademiapsico.it\/shop\/fr\/wp-json\/wp\/v2\/media?parent=1530"}],"wp:term":[{"taxonomy":"product_brand","embeddable":true,"href":"https:\/\/www.accademiapsico.it\/shop\/fr\/wp-json\/wp\/v2\/product_brand?post=1530"},{"taxonomy":"product_cat","embeddable":true,"href":"https:\/\/www.accademiapsico.it\/shop\/fr\/wp-json\/wp\/v2\/product_cat?post=1530"},{"taxonomy":"product_tag","embeddable":true,"href":"https:\/\/www.accademiapsico.it\/shop\/fr\/wp-json\/wp\/v2\/product_tag?post=1530"}],"curies":[{"name":"wp","href":"https:\/\/api.w.org\/{rel}","templated":true}]}}