{"id":1524,"date":"2026-02-16T18:10:25","date_gmt":"2026-02-16T18:10:25","guid":{"rendered":"https:\/\/www.accademiapsico.it\/shop\/?post_type=product&#038;p=1524"},"modified":"2026-02-20T18:52:45","modified_gmt":"2026-02-20T18:52:45","slug":"a-mixed-couple-in-crisis","status":"publish","type":"product","link":"https:\/\/www.accademiapsico.it\/shop\/fr\/product\/a-mixed-couple-in-crisis\/","title":{"rendered":"A mixed couple in crisis: the \u00ab\u00a0foreigner\u00a0\u00bb wife and the \u00ab\u00a0mother&rsquo;s overdependent\u00a0\u00bb husband"},"content":{"rendered":"<p>Dans cette s\u00e9rie Master, le professeur Maurizio Andolfi utilise son regard multig\u00e9n\u00e9rationnel pour explorer l&rsquo;histoire d&rsquo;un couple italo-sud-africain. Leur crise est exacerb\u00e9e par le syndrome du nid vide \u2013 leurs jumeaux ont r\u00e9cemment quitt\u00e9 la maison \u2013 et la d\u00e9pendance affective excessive de Giorgio envers sa propre m\u00e8re, une veuve qui s&rsquo;occupe enti\u00e8rement de son fils handicap\u00e9. De son c\u00f4t\u00e9, Corinne, qui a quitt\u00e9 l&rsquo;Afrique du Sud par amour, manque \u00e9norm\u00e9ment \u00e0 sa famille, se sent toujours comme une \u00ab \u00e9trang\u00e8re \u00bb dans la famille d&rsquo;origine de Giorgio et se sent tr\u00e8s seule car son mari, cardiologue, est tr\u00e8s pris par son travail.<br \/>\nDans la premi\u00e8re partie de la rencontre, les principaux probl\u00e8mes du couple sont explor\u00e9s dans le cadre du d\u00e9veloppement familial et culturel de chaque partenaire. Une s\u00e9ance sp\u00e9ciale en pr\u00e9sence de la m\u00e8re de Giorgio est fortement recommand\u00e9e, ainsi qu&rsquo;une rencontre en ligne avec la m\u00e8re de Corinne. Afin d&rsquo;atteindre ces objectifs, les enfants adultes du couple sont invit\u00e9s \u00e0 participer en tant que ressources th\u00e9rapeutiques et la s\u00e9ance suivante avec les quatre est d\u00e9crite dans la partie 2.<br \/>\nL&rsquo;histoire vraie de ce couple est jou\u00e9e par deux acteurs qui sont capables de simuler et de s&rsquo;identifier \u00e0 chaque partenaire et de mettre en \u00e9vidence leurs conflits ainsi que leur d\u00e9sir de changement.<\/p>\n<p><strong>Caract\u00e9ristiques techniques<\/strong><br \/>\nFormat: USB Device<br \/>\n32 min \/ Couleur \/ HD 1080p &#8211; \u00c9cran large 1,78:1<br \/>\nLangue: ANGLAIS<br \/>\nSous-titres: anglais, fran\u00e7ais, italien, portugais, espagnol<\/p>\n","protected":false},"excerpt":{"rendered":"<p>ou<\/p>\n<p><a href=\"https:\/\/vimeo.com\/ondemand\/mixedcoupleincrisis\">Acheter en video on demand sur Vimeo &#8211; 20\u20ac<\/a><\/p>\n","protected":false},"featured_media":1527,"template":"","meta":{"_acf_changed":false},"product_brand":[],"product_cat":[39],"product_tag":[],"class_list":{"0":"post-1524","1":"product","2":"type-product","3":"status-publish","4":"has-post-thumbnail","6":"product_cat-video-collection-fr","7":"sales-flash-overlay","8":"woocommerce-text-align-left","9":"woocommerce-image-align-center","11":"first","12":"instock","13":"taxable","14":"shipping-taxable","15":"purchasable","16":"product-type-simple"},"acf":[],"_links":{"self":[{"href":"https:\/\/www.accademiapsico.it\/shop\/fr\/wp-json\/wp\/v2\/product\/1524","targetHints":{"allow":["GET"]}}],"collection":[{"href":"https:\/\/www.accademiapsico.it\/shop\/fr\/wp-json\/wp\/v2\/product"}],"about":[{"href":"https:\/\/www.accademiapsico.it\/shop\/fr\/wp-json\/wp\/v2\/types\/product"}],"wp:featuredmedia":[{"embeddable":true,"href":"https:\/\/www.accademiapsico.it\/shop\/fr\/wp-json\/wp\/v2\/media\/1527"}],"wp:attachment":[{"href":"https:\/\/www.accademiapsico.it\/shop\/fr\/wp-json\/wp\/v2\/media?parent=1524"}],"wp:term":[{"taxonomy":"product_brand","embeddable":true,"href":"https:\/\/www.accademiapsico.it\/shop\/fr\/wp-json\/wp\/v2\/product_brand?post=1524"},{"taxonomy":"product_cat","embeddable":true,"href":"https:\/\/www.accademiapsico.it\/shop\/fr\/wp-json\/wp\/v2\/product_cat?post=1524"},{"taxonomy":"product_tag","embeddable":true,"href":"https:\/\/www.accademiapsico.it\/shop\/fr\/wp-json\/wp\/v2\/product_tag?post=1524"}],"curies":[{"name":"wp","href":"https:\/\/api.w.org\/{rel}","templated":true}]}}