{"id":1374,"date":"2025-08-22T09:23:59","date_gmt":"2025-08-22T09:23:59","guid":{"rendered":"https:\/\/www.accademiapsico.it\/shop\/?post_type=product&#038;p=1374"},"modified":"2025-08-22T13:48:03","modified_gmt":"2025-08-22T13:48:03","slug":"le-genogramme-rendre-lhistoire-de-la-famille-vivante","status":"publish","type":"product","link":"https:\/\/www.accademiapsico.it\/shop\/fr\/product\/le-genogramme-rendre-lhistoire-de-la-famille-vivante\/","title":{"rendered":"Le G\u00e9nogramme: rendre l&rsquo;histoire de la famille vivante!"},"content":{"rendered":"<p>Dans cette conf\u00e9rence, le professeur Maurizio Andolfi d\u00e9crit diff\u00e9rentes modalit\u00e9s d&rsquo;utilisation du g\u00e9nogramme familial en th\u00e9rapie ainsi que dans la formation professionnelle. Le g\u00e9nogramme, introduit dans le domaine par Murray Bowen \u00e0 la fin des ann\u00e9es 60, est universellement utilis\u00e9 comme la meilleure description du d\u00e9veloppement familial sur plusieurs g\u00e9n\u00e9rations.<br \/>\nDans l&rsquo;approche multig\u00e9n\u00e9rationnelle d&rsquo;Andolfi, le g\u00e9nogramme a \u00e9t\u00e9 d\u00e9velopp\u00e9 comme un outil sp\u00e9cial &#8211; \u00e0 la fois diagnostique et th\u00e9rapeutique &#8211; dans l&rsquo;exploration familiale, que ce soit dans le cadre d&rsquo;une th\u00e9rapie individuelle, de couple ou familiale, les enfants \u00e9tant des \u00ab guides experts \u00bb pour entrer dans le syst\u00e8me familial. Plusieurs vignettes cliniques sont pr\u00e9sent\u00e9es pour d\u00e9montrer comment le g\u00e9nogramme peut donner vie \u00e0 l&rsquo;histoire familiale et aux \u00e9v\u00e9nements familiaux pertinents, permettant ainsi la r\u00e9paration des liens et la transformation interg\u00e9n\u00e9rationnelle.<br \/>\nLes m\u00eames r\u00e9sultats sont d\u00e9crits lorsque le g\u00e9nogramme est utilis\u00e9 \u00e0 des fins de formation, en pr\u00e9sentiel ou en ligne. Parall\u00e8lement au g\u00e9nogramme, l&rsquo;utilisation de la carte du monde pour remonter aux racines familiales et le passage \u00e0 l&rsquo;action avec l&rsquo;utilisation de l&rsquo;espace et du modelage familial sont pr\u00e9sent\u00e9s.<\/p>\n<p><strong>Caract\u00e9ristiques techniques<\/strong><br \/>\nFormat: USB Device<br \/>\n40 min \/ Couleur \/ HD 1080p &#8211; \u00c9cran large 1,78:1<br \/>\nLangue: ANGLAIS<br \/>\nSous-titres: chinois, anglais, fran\u00e7ais, italien, portugais, espagnol<\/p>\n","protected":false},"excerpt":{"rendered":"<p>ou<\/p>\n<p><a href=\"https:\/\/vimeo.com\/ondemand\/apfbeingyourself\">Acheter en video on demand sur Vimeo &#8211; 20\u20ac<\/a><\/p>\n","protected":false},"featured_media":1377,"template":"","meta":{"_acf_changed":false},"product_brand":[],"product_cat":[39],"product_tag":[],"class_list":{"0":"post-1374","1":"product","2":"type-product","3":"status-publish","4":"has-post-thumbnail","6":"product_cat-video-collection-fr","7":"sales-flash-overlay","8":"woocommerce-text-align-left","9":"woocommerce-image-align-center","11":"first","12":"instock","13":"taxable","14":"shipping-taxable","15":"purchasable","16":"product-type-simple"},"acf":[],"_links":{"self":[{"href":"https:\/\/www.accademiapsico.it\/shop\/fr\/wp-json\/wp\/v2\/product\/1374","targetHints":{"allow":["GET"]}}],"collection":[{"href":"https:\/\/www.accademiapsico.it\/shop\/fr\/wp-json\/wp\/v2\/product"}],"about":[{"href":"https:\/\/www.accademiapsico.it\/shop\/fr\/wp-json\/wp\/v2\/types\/product"}],"wp:featuredmedia":[{"embeddable":true,"href":"https:\/\/www.accademiapsico.it\/shop\/fr\/wp-json\/wp\/v2\/media\/1377"}],"wp:attachment":[{"href":"https:\/\/www.accademiapsico.it\/shop\/fr\/wp-json\/wp\/v2\/media?parent=1374"}],"wp:term":[{"taxonomy":"product_brand","embeddable":true,"href":"https:\/\/www.accademiapsico.it\/shop\/fr\/wp-json\/wp\/v2\/product_brand?post=1374"},{"taxonomy":"product_cat","embeddable":true,"href":"https:\/\/www.accademiapsico.it\/shop\/fr\/wp-json\/wp\/v2\/product_cat?post=1374"},{"taxonomy":"product_tag","embeddable":true,"href":"https:\/\/www.accademiapsico.it\/shop\/fr\/wp-json\/wp\/v2\/product_tag?post=1374"}],"curies":[{"name":"wp","href":"https:\/\/api.w.org\/{rel}","templated":true}]}}