{"id":1260,"date":"2025-03-24T12:10:09","date_gmt":"2025-03-24T12:10:10","guid":{"rendered":"https:\/\/www.accademiapsico.it\/shop\/?post_type=product&#038;p=1260"},"modified":"2025-03-24T18:02:01","modified_gmt":"2025-03-24T18:02:01","slug":"children-in-family-therapy-sub_chinese","status":"publish","type":"product","link":"https:\/\/www.accademiapsico.it\/shop\/fr\/product\/children-in-family-therapy-sub_chinese\/","title":{"rendered":"Children in Family Therapy &#8211; chinese subtitles"},"content":{"rendered":"<p>Dans cette le\u00e7on, Maurizio Andolfi explique comment utiliser les ressources des enfants en th\u00e9rapie familiale. Il d\u00e9crit sa transition d&rsquo;une th\u00e9rapie individuelle avec des enfants probl\u00e9matiques \u00e0 un travail avec toute la famille et explique comment impliquer activement les p\u00e8res et les fr\u00e8res et s\u0153urs dans les s\u00e9ances. Puis, selon sa m\u00e9thode, Andolfi inclut une autre g\u00e9n\u00e9ration (grands-parents et famille \u00e9largie) dans son observation de l&rsquo;histoire familiale et de l&rsquo;enfant pr\u00e9sentant le sympt\u00f4me. Les principaux outils du th\u00e9rapeute sont les questions relationnelles, les objets m\u00e9taphoriques, les g\u00e9nogrammes, les devoirs et les contrats familiaux. Andolfi d\u00e9crit ensuite l&rsquo;utilisation de l&rsquo;imagination, de la cr\u00e9ativit\u00e9 et du contact physique pour cr\u00e9er un lien avec l&rsquo;enfant, afin de transformer ses sympt\u00f4mes et de gu\u00e9rir les familles en difficult\u00e9.<\/p>\n<p><strong>Sp\u00e9cifications<br \/>\n<\/strong>Format: download .mp4 file<br \/>\nDur\u00e9e : 32 mn. environ<br \/>\nCouleur \/ Pal<br \/>\nLangues: Anglais<br \/>\nSous-titres: <span style=\"color: #ff0000;\">Chinese<\/span><\/p>\n","protected":false},"excerpt":{"rendered":"<p>Dans cette le\u00e7on, Maurizio Andolfi explique comment utiliser les ressources des enfants en th\u00e9rapie familiale. Il d\u00e9crit sa transition d&rsquo;une th\u00e9rapie individuelle avec des enfants probl\u00e9matiques \u00e0 un travail avec toute la famille et explique comment impliquer activement les p\u00e8res et les fr\u00e8res et s\u0153urs dans les s\u00e9ances. Puis, selon sa m\u00e9thode, Andolfi inclut une &#8230; <a title=\"Children in Family Therapy &#8211; chinese subtitles\" class=\"read-more\" href=\"https:\/\/www.accademiapsico.it\/shop\/fr\/product\/children-in-family-therapy-sub_chinese\/\" aria-label=\"En savoir plus sur Children in Family Therapy &#8211; chinese subtitles\">Lire la suite<\/a><\/p>\n","protected":false},"featured_media":1261,"template":"","meta":{"_acf_changed":false},"product_brand":[],"product_cat":[59],"product_tag":[],"class_list":{"0":"post-1260","1":"product","2":"type-product","3":"status-publish","4":"has-post-thumbnail","6":"product_cat-video-collection-sous-titres-en-chinois","7":"sales-flash-overlay","8":"woocommerce-text-align-left","9":"woocommerce-image-align-center","11":"first","12":"instock","13":"downloadable","14":"virtual","15":"sold-individually","16":"taxable","17":"purchasable","18":"product-type-simple"},"acf":[],"_links":{"self":[{"href":"https:\/\/www.accademiapsico.it\/shop\/fr\/wp-json\/wp\/v2\/product\/1260","targetHints":{"allow":["GET"]}}],"collection":[{"href":"https:\/\/www.accademiapsico.it\/shop\/fr\/wp-json\/wp\/v2\/product"}],"about":[{"href":"https:\/\/www.accademiapsico.it\/shop\/fr\/wp-json\/wp\/v2\/types\/product"}],"wp:featuredmedia":[{"embeddable":true,"href":"https:\/\/www.accademiapsico.it\/shop\/fr\/wp-json\/wp\/v2\/media\/1261"}],"wp:attachment":[{"href":"https:\/\/www.accademiapsico.it\/shop\/fr\/wp-json\/wp\/v2\/media?parent=1260"}],"wp:term":[{"taxonomy":"product_brand","embeddable":true,"href":"https:\/\/www.accademiapsico.it\/shop\/fr\/wp-json\/wp\/v2\/product_brand?post=1260"},{"taxonomy":"product_cat","embeddable":true,"href":"https:\/\/www.accademiapsico.it\/shop\/fr\/wp-json\/wp\/v2\/product_cat?post=1260"},{"taxonomy":"product_tag","embeddable":true,"href":"https:\/\/www.accademiapsico.it\/shop\/fr\/wp-json\/wp\/v2\/product_tag?post=1260"}],"curies":[{"name":"wp","href":"https:\/\/api.w.org\/{rel}","templated":true}]}}