{"id":1256,"date":"2025-06-05T16:01:04","date_gmt":"2025-06-05T16:07:05","guid":{"rendered":"https:\/\/www.accademiapsico.it\/shop\/?post_type=product&#038;p=1256"},"modified":"2025-08-22T13:13:20","modified_gmt":"2025-08-22T13:13:20","slug":"being-yourself-authenticity-and-creativity-in-family-therapy","status":"publish","type":"product","link":"https:\/\/www.accademiapsico.it\/shop\/fr\/product\/being-yourself-authenticity-and-creativity-in-family-therapy\/","title":{"rendered":"Being Yourself &#8211; Authenticity and Creativity in Family Therapy"},"content":{"rendered":"<p>Dans cette le\u00e7on, le professeur Maurizio Andolfi d\u00e9crit l&rsquo;exp\u00e9rience profond\u00e9ment humaine du processus de gu\u00e9rison dans la th\u00e9rapie familiale. Cela est possible lorsque les th\u00e9rapeutes sont capables de se d\u00e9barrasser de leur masque professionnel et d&rsquo;entrer en contact avec leur moi int\u00e9rieur afin d&rsquo;\u00eatre \u00e0 l&rsquo;\u00e9coute de la souffrance apport\u00e9e \u00e0 la th\u00e9rapie par les individus et les familles en difficult\u00e9. Pour atteindre cet objectif, les th\u00e9rapeutes doivent apprendre \u00e0 s&rsquo;utiliser pleinement, en transformant leurs handicaps professionnels en ressources th\u00e9rapeutiques. L&rsquo;exploration de leur g\u00e9nogramme familial, le modelage des relations familiales, les jeux de r\u00f4le sont autant d&rsquo;opportunit\u00e9s de transformation et de croissance. L&rsquo;authenticit\u00e9, la cr\u00e9ativit\u00e9, le questionnement relationnel, l&rsquo;\u00e9coute attentive, le langage corporel et le mouvement sont pr\u00e9sent\u00e9s comme les principaux outils de la th\u00e9rapie et le v\u00e9hicule de la connaissance et de la transformation des familles. Des vid\u00e9os d&rsquo;une consultation familiale sont incluses pour montrer comment la col\u00e8re d&rsquo;un enfant peut devenir la porte d&rsquo;entr\u00e9e pour d\u00e9couvrir les drames familiaux et r\u00e9parer les fractures interg\u00e9n\u00e9rationnelles.<\/p>\n<p><strong>Specs<br \/>\n<\/strong>Format: USB Device<br \/>\n32 min. \/ Coleur \/ HD 1080p &#8211; Widescreen 1.78:1<br \/>\nLangue: English<br \/>\nSous-titres: Chinese, English, Espa\u00f1ol, Fran\u00e7ais, Italiano, Portugu\u00eas.<\/p>\n","protected":false},"excerpt":{"rendered":"<p>ou<\/p>\n<p><a href=\"https:\/\/vimeo.com\/ondemand\/apfbeingyourself\">Acheter en video on demand sur Vimeo &#8211; 20\u20ac<\/a><\/p>\n","protected":false},"featured_media":1254,"template":"","meta":{"_acf_changed":false},"product_brand":[],"product_cat":[39],"product_tag":[],"class_list":{"0":"post-1256","1":"product","2":"type-product","3":"status-publish","4":"has-post-thumbnail","6":"product_cat-video-collection-fr","7":"sales-flash-overlay","8":"woocommerce-text-align-left","9":"woocommerce-image-align-center","11":"first","12":"instock","13":"taxable","14":"shipping-taxable","15":"purchasable","16":"product-type-simple"},"acf":[],"_links":{"self":[{"href":"https:\/\/www.accademiapsico.it\/shop\/fr\/wp-json\/wp\/v2\/product\/1256","targetHints":{"allow":["GET"]}}],"collection":[{"href":"https:\/\/www.accademiapsico.it\/shop\/fr\/wp-json\/wp\/v2\/product"}],"about":[{"href":"https:\/\/www.accademiapsico.it\/shop\/fr\/wp-json\/wp\/v2\/types\/product"}],"wp:featuredmedia":[{"embeddable":true,"href":"https:\/\/www.accademiapsico.it\/shop\/fr\/wp-json\/wp\/v2\/media\/1254"}],"wp:attachment":[{"href":"https:\/\/www.accademiapsico.it\/shop\/fr\/wp-json\/wp\/v2\/media?parent=1256"}],"wp:term":[{"taxonomy":"product_brand","embeddable":true,"href":"https:\/\/www.accademiapsico.it\/shop\/fr\/wp-json\/wp\/v2\/product_brand?post=1256"},{"taxonomy":"product_cat","embeddable":true,"href":"https:\/\/www.accademiapsico.it\/shop\/fr\/wp-json\/wp\/v2\/product_cat?post=1256"},{"taxonomy":"product_tag","embeddable":true,"href":"https:\/\/www.accademiapsico.it\/shop\/fr\/wp-json\/wp\/v2\/product_tag?post=1256"}],"curies":[{"name":"wp","href":"https:\/\/api.w.org\/{rel}","templated":true}]}}