{"id":1170,"date":"2025-02-04T17:53:52","date_gmt":"2025-02-04T17:53:53","guid":{"rendered":"https:\/\/www.accademiapsico.it\/shop\/?post_type=product&#038;p=1170"},"modified":"2025-03-24T17:58:50","modified_gmt":"2025-03-24T17:58:50","slug":"return-to-turkey-a-child-centred-intervention-copia","status":"publish","type":"product","link":"https:\/\/www.accademiapsico.it\/shop\/fr\/product\/return-to-turkey-a-child-centred-intervention-copia\/","title":{"rendered":"\u201cReturn\u201d to Turkey \u2013 A child-centred intervention &#8211; chinese subtitles"},"content":{"rendered":"<p>La famille de Yigit, qui a \u00e9migr\u00e9 de Turquie aux Pays-Bas, a d\u00fb faire face \u00e0 de grandes difficult\u00e9s pour pouvoir s&rsquo;int\u00e9grer dans un monde si diff\u00e9rent du leur. Yigit, un fils a\u00een\u00e9 de 8 ans, a re\u00e7u un diagnostic de TDAH et a re\u00e7u un traitement pour cette maladie. Patrick, un th\u00e9rapeute familial n\u00e9erlandais qui a pris en charge la famille, a demand\u00e9 des conseils au professeur Maurizio Andolfi \u00e0 Rotterdam, qui ont \u00e9t\u00e9 men\u00e9s en turc et en anglais avec l&rsquo;aide d&rsquo;un m\u00e9diateur culturel. Au lieu de se focaliser sur le diagnostic de TDAH, Andolfi invite l&rsquo;enfant \u00e0 le guider, \u00e0 travers le g\u00e9nogramme, dans l&rsquo;exploration de sa famille \u00e9largie et, \u00e0 l&rsquo;aide d&rsquo;une carte, \u00e0 illustrer ses origines turques. Dans ce \u00abvoyage en Turquie\u00bb, Andolfi apprend la mort r\u00e9cente et soudaine de la grand-m\u00e8re paternelle de Yigit et les rituels familiaux d\u00e9di\u00e9s \u00e0 cette importante perte. Parall\u00e8lement, la maladie r\u00e9nale chronique du p\u00e8re est explor\u00e9e, tout comme son absence de responsabilit\u00e9 paternelle. La famille se voit confier certaines t\u00e2ches. Pour d\u00e9tourner l&rsquo;attention de l&rsquo;hyperactivit\u00e9 de Yigit, on demande \u00e0 ses parents de consigner dans un journal le comportement positif de l&rsquo;enfant \u00e0 la maison et \u00e0 l&rsquo;\u00e9cole. Le p\u00e8re est encourag\u00e9 \u00e0 assumer plus de responsabilit\u00e9s en tant que p\u00e8re et \u00e0 se d\u00e9barrasser de sa soumission \u00e0 la m\u00e8re. Une visite \u00e0 domicile de Patrick est incluse, et les parents et Ygit d\u00e9crivent avec leurs propres mots l&rsquo;incroyable transformation familiale qui s&rsquo;est produite en un an.<\/p>\n<p><strong>Sp\u00e9cifications<br \/>\n<\/strong>Vid\u00e9o au format mp4 disponible au t\u00e9l\u00e9chargement<br \/>\nLangues: Turc, N\u00e9erlandais, Anglais<br \/>\nSous-titres: Chinois<\/p>\n","protected":false},"excerpt":{"rendered":"<p>Disponible au t\u00e9l\u00e9chargement (fichier .mp4)<br \/>\nPaiements: PayPal, Carte de cr\u00e9dit<\/p>\n","protected":false},"featured_media":1270,"template":"","meta":{"_acf_changed":false},"product_brand":[],"product_cat":[59],"product_tag":[],"class_list":{"0":"post-1170","1":"product","2":"type-product","3":"status-publish","4":"has-post-thumbnail","6":"product_cat-video-collection-sous-titres-en-chinois","7":"sales-flash-overlay","8":"woocommerce-text-align-left","9":"woocommerce-image-align-center","11":"first","12":"instock","13":"downloadable","14":"virtual","15":"sold-individually","16":"taxable","17":"purchasable","18":"product-type-simple"},"acf":[],"_links":{"self":[{"href":"https:\/\/www.accademiapsico.it\/shop\/fr\/wp-json\/wp\/v2\/product\/1170","targetHints":{"allow":["GET"]}}],"collection":[{"href":"https:\/\/www.accademiapsico.it\/shop\/fr\/wp-json\/wp\/v2\/product"}],"about":[{"href":"https:\/\/www.accademiapsico.it\/shop\/fr\/wp-json\/wp\/v2\/types\/product"}],"wp:featuredmedia":[{"embeddable":true,"href":"https:\/\/www.accademiapsico.it\/shop\/fr\/wp-json\/wp\/v2\/media\/1270"}],"wp:attachment":[{"href":"https:\/\/www.accademiapsico.it\/shop\/fr\/wp-json\/wp\/v2\/media?parent=1170"}],"wp:term":[{"taxonomy":"product_brand","embeddable":true,"href":"https:\/\/www.accademiapsico.it\/shop\/fr\/wp-json\/wp\/v2\/product_brand?post=1170"},{"taxonomy":"product_cat","embeddable":true,"href":"https:\/\/www.accademiapsico.it\/shop\/fr\/wp-json\/wp\/v2\/product_cat?post=1170"},{"taxonomy":"product_tag","embeddable":true,"href":"https:\/\/www.accademiapsico.it\/shop\/fr\/wp-json\/wp\/v2\/product_tag?post=1170"}],"curies":[{"name":"wp","href":"https:\/\/api.w.org\/{rel}","templated":true}]}}