{"id":1167,"date":"2025-02-04T12:23:18","date_gmt":"2025-02-04T12:23:18","guid":{"rendered":"https:\/\/www.accademiapsico.it\/shop\/?post_type=product&#038;p=1167"},"modified":"2025-03-24T17:57:48","modified_gmt":"2025-03-24T17:57:48","slug":"training-family-therapists-on-the-use-of-self-copia","status":"publish","type":"product","link":"https:\/\/www.accademiapsico.it\/shop\/fr\/product\/training-family-therapists-on-the-use-of-self-copia\/","title":{"rendered":"Training Family Therapists on the Use of Self &#8211; chinese subtitles"},"content":{"rendered":"<p>Dans cette conf\u00e9rence, Maurizio Andolfi d\u00e9crit comment former les th\u00e9rapeutes familiaux \u00e0 l&rsquo;utilisation de soi et comment transformer les handicaps professionnels en ressources th\u00e9rapeutiques. Les th\u00e9rapeutes doivent aller au-del\u00e0 de leur compr\u00e9hension professionnelle des probl\u00e8mes et apprendre \u00e0 vivre les probl\u00e8mes et la douleur des gens. Cette vid\u00e9o est le r\u00e9sultat des 50 ann\u00e9es de travail clinique d&rsquo;Andolfi et de la formation de th\u00e9rapeutes du monde entier et d\u00e9crira comment utiliser la divulgation de soi, comment construire un superviseur int\u00e9rieur et acqu\u00e9rir une s\u00e9r\u00e9nit\u00e9 th\u00e9rapeutique en entrant et en sortant du syst\u00e8me . familier. Un v\u00e9ritable groupe de formation international est le co-protagoniste de la deuxi\u00e8me partie de la le\u00e7on, qui montre concr\u00e8tement l&rsquo;utilisation de la sculpture familiale, du jeu de r\u00f4le et des prescriptions dans le processus d&rsquo;apprentissage.<\/p>\n<p><strong>Sp\u00e9cifications<br \/>\n<\/strong>Format digital download<br \/>\nDur\u00e9e: 69 min. environ<br \/>\nLangues: Anglais<br \/>\nSous-titres: Chinois<\/p>\n<div class=\"notranslate\" style=\"all: initial;\"><\/div>\n","protected":false},"excerpt":{"rendered":"<p>Disponible au t\u00e9l\u00e9chargement (fichier .mp4)<br \/>\nPaiements: PayPal, Carte de cr\u00e9dit<\/p>\n","protected":false},"featured_media":1268,"template":"","meta":{"_acf_changed":false},"product_brand":[],"product_cat":[59],"product_tag":[],"class_list":{"0":"post-1167","1":"product","2":"type-product","3":"status-publish","4":"has-post-thumbnail","6":"product_cat-video-collection-sous-titres-en-chinois","7":"sales-flash-overlay","8":"woocommerce-text-align-left","9":"woocommerce-image-align-center","11":"first","12":"instock","13":"downloadable","14":"virtual","15":"sold-individually","16":"taxable","17":"purchasable","18":"product-type-simple"},"acf":[],"_links":{"self":[{"href":"https:\/\/www.accademiapsico.it\/shop\/fr\/wp-json\/wp\/v2\/product\/1167","targetHints":{"allow":["GET"]}}],"collection":[{"href":"https:\/\/www.accademiapsico.it\/shop\/fr\/wp-json\/wp\/v2\/product"}],"about":[{"href":"https:\/\/www.accademiapsico.it\/shop\/fr\/wp-json\/wp\/v2\/types\/product"}],"wp:featuredmedia":[{"embeddable":true,"href":"https:\/\/www.accademiapsico.it\/shop\/fr\/wp-json\/wp\/v2\/media\/1268"}],"wp:attachment":[{"href":"https:\/\/www.accademiapsico.it\/shop\/fr\/wp-json\/wp\/v2\/media?parent=1167"}],"wp:term":[{"taxonomy":"product_brand","embeddable":true,"href":"https:\/\/www.accademiapsico.it\/shop\/fr\/wp-json\/wp\/v2\/product_brand?post=1167"},{"taxonomy":"product_cat","embeddable":true,"href":"https:\/\/www.accademiapsico.it\/shop\/fr\/wp-json\/wp\/v2\/product_cat?post=1167"},{"taxonomy":"product_tag","embeddable":true,"href":"https:\/\/www.accademiapsico.it\/shop\/fr\/wp-json\/wp\/v2\/product_tag?post=1167"}],"curies":[{"name":"wp","href":"https:\/\/api.w.org\/{rel}","templated":true}]}}