{"id":1164,"date":"2025-02-04T12:17:55","date_gmt":"2025-02-04T12:17:56","guid":{"rendered":"https:\/\/www.accademiapsico.it\/shop\/?post_type=product&#038;p=1164"},"modified":"2025-03-24T18:05:27","modified_gmt":"2025-03-24T18:05:27","slug":"breaking-the-fence-learning-from-the-giants-of-family-therapy-chinese-subtitles","status":"publish","type":"product","link":"https:\/\/www.accademiapsico.it\/shop\/fr\/product\/breaking-the-fence-learning-from-the-giants-of-family-therapy-chinese-subtitles\/","title":{"rendered":"Breaking the Fence \u2013 Learning from the giants of family therapy &#8211; chinese subtitles"},"content":{"rendered":"<p>Les th\u00e9rapeutes du monde entier appr\u00e9cieront grandement ce documentaire, dans lequel le professeur Andolfi partage son point de vue sur le d\u00e9veloppement des th\u00e9ories syst\u00e9miques et de la th\u00e9rapie familiale \u00e0 travers ses 50 ans de travail clinique et d&rsquo;enseignement \u00e0 travers le monde.<br \/>\nAndolfi d\u00e9crit les id\u00e9es r\u00e9volutionnaires et les r\u00e9sultats cliniques de certains des plus grands innovateurs dans ce domaine, qui partageaient l&rsquo;id\u00e9e que la douleur et les maux individuels dans les familles peuvent \u00eatre gu\u00e9ris gr\u00e2ce \u00e0 l&rsquo;activation des ressources familiales et communautaires. Utilisant leur humanit\u00e9 et leur cr\u00e9ativit\u00e9, ces Ma\u00eetres montrent aux th\u00e9rapeutes comment \u00ab\u00a0casser la cl\u00f4ture\u00a0\u00bb, \u00e0 la recherche d&rsquo;authenticit\u00e9 et de forces au sein des familles et dans les lieux institutionnels.<br \/>\nDepuis le salon de son appartement \u00e0 Rome, Maurizio Andolfi entretient un dialogue ouvert avec son amie et coll\u00e8gue Anna Mascellani, partageant des anecdotes intimes et des souvenirs de son exp\u00e9rience personnelle et professionnelle avec quelques g\u00e9ants de la th\u00e9rapie familiale, dont Carl Whitaker, Salvador Minuchin, Mara Selvini Palazzoli et James Framo. Ces Ma\u00eetres prennent vie \u00e0 travers les mots et les images qui les d\u00e9peignent lors de leurs cours ou lors de s\u00e9ances de th\u00e9rapie familiale. Des contributions pr\u00e9cieuses qui inspireront les nouvelles g\u00e9n\u00e9rations \u00e0 suivre leurs traces.<\/p>\n<p><strong>Sp\u00e9cifications<\/strong><br \/>\nVideo digital download<br \/>\nDur\u00e9e : 52 min.<br \/>\nLangues: Anglais<br \/>\nSous-titres: Chinois<\/p>\n<div class=\"notranslate\" style=\"all: initial;\"><\/div>\n","protected":false},"excerpt":{"rendered":"<p>Disponible au t\u00e9l\u00e9chargement (fichier .mp4)<br \/>\nPaiements: PayPal, Carte de cr\u00e9dit<\/p>\n","protected":false},"featured_media":1273,"template":"","meta":{"_acf_changed":false},"product_brand":[],"product_cat":[59],"product_tag":[],"class_list":{"0":"post-1164","1":"product","2":"type-product","3":"status-publish","4":"has-post-thumbnail","6":"product_cat-video-collection-sous-titres-en-chinois","7":"sales-flash-overlay","8":"woocommerce-text-align-left","9":"woocommerce-image-align-center","11":"first","12":"instock","13":"downloadable","14":"virtual","15":"sold-individually","16":"taxable","17":"purchasable","18":"product-type-simple"},"acf":[],"_links":{"self":[{"href":"https:\/\/www.accademiapsico.it\/shop\/fr\/wp-json\/wp\/v2\/product\/1164","targetHints":{"allow":["GET"]}}],"collection":[{"href":"https:\/\/www.accademiapsico.it\/shop\/fr\/wp-json\/wp\/v2\/product"}],"about":[{"href":"https:\/\/www.accademiapsico.it\/shop\/fr\/wp-json\/wp\/v2\/types\/product"}],"wp:featuredmedia":[{"embeddable":true,"href":"https:\/\/www.accademiapsico.it\/shop\/fr\/wp-json\/wp\/v2\/media\/1273"}],"wp:attachment":[{"href":"https:\/\/www.accademiapsico.it\/shop\/fr\/wp-json\/wp\/v2\/media?parent=1164"}],"wp:term":[{"taxonomy":"product_brand","embeddable":true,"href":"https:\/\/www.accademiapsico.it\/shop\/fr\/wp-json\/wp\/v2\/product_brand?post=1164"},{"taxonomy":"product_cat","embeddable":true,"href":"https:\/\/www.accademiapsico.it\/shop\/fr\/wp-json\/wp\/v2\/product_cat?post=1164"},{"taxonomy":"product_tag","embeddable":true,"href":"https:\/\/www.accademiapsico.it\/shop\/fr\/wp-json\/wp\/v2\/product_tag?post=1164"}],"curies":[{"name":"wp","href":"https:\/\/api.w.org\/{rel}","templated":true}]}}