{"id":1027,"date":"2024-05-21T13:38:27","date_gmt":"2024-05-21T13:38:28","guid":{"rendered":"https:\/\/www.accademiapsico.it\/shop\/?post_type=product&#038;p=1027"},"modified":"2025-03-24T10:50:44","modified_gmt":"2025-03-24T10:50:44","slug":"l-histoire-d-agathe","status":"publish","type":"product","link":"https:\/\/www.accademiapsico.it\/shop\/fr\/product\/l-histoire-d-agathe\/","title":{"rendered":"Du suicide lent au retour \u00e0 la vie: l&rsquo;histoire d&rsquo;Agathe"},"content":{"rendered":"<p>Agathe, 18 ans, est hospitalis\u00e9e \u00e0 plusieurs reprises dans un institut psychoth\u00e9rapique du fait de comportements autodestructeurs divers : scarifications, troubles alimentaires, alcoolisations massives, et tentatives de suicide. Deux ans plus tard, est propos\u00e9e une consultance avec Maurizio Andolfi \u00e0 Paris. Le but de cette consultation est de comprendre la signification de la violence qu\u2019Agathe agit contre elle, en analysant la transmission transg\u00e9n\u00e9rationnelle \u00e0 l\u2019int\u00e9rieur de sa famille. Gr\u00e2ce \u00e0 un parcours th\u00e9rapeutique \u00e0 l\u2019Institut du Pin en Mauges, suivie par son th\u00e9rapeute Dominique Bardou, et \u00e0 des rencontres Zoom avec Maurizio Andolfi destin\u00e9es \u00e0 r\u00e9activer les ressources internes et externes de la famille, il a \u00e9t\u00e9 possible d\u2019aider Agathe \u00e0 revenir vers la vie. Dans une session de follow-up organis\u00e9e \u00e0 Rome quand Agathe avait 23 ans, sont mis en \u00e9vidence la r\u00e9solution des sympt\u00f4mes et les changements survenus \u00e0 l\u2019int\u00e9rieur de sa famille.<\/p>\n<p>&nbsp;<\/p>\n<p><strong>Sp\u00e9cifications<br \/>\n<\/strong>Format USB device<br \/>\n29 min. \/ Coleur \/ Widescreen 1.78:1<br \/>\nLangue: Fran\u00e7ais \/ Sous-titres: English, Espa\u00f1ol, Fran\u00e7ais, Italiano, Portugu\u00eas.<\/p>\n","protected":false},"excerpt":{"rendered":"<p>ou<\/p>\n<p><a href=\"https:\/\/vimeo.com\/store\/ondemand\/buy\/466011\">Acheter en video on demand sur Vimeo &#8211; 20\u20ac<\/a><\/p>\n","protected":false},"featured_media":1300,"template":"","meta":{"_acf_changed":false},"product_brand":[],"product_cat":[39],"product_tag":[],"class_list":{"0":"post-1027","1":"product","2":"type-product","3":"status-publish","4":"has-post-thumbnail","6":"product_cat-video-collection-fr","7":"sales-flash-overlay","8":"woocommerce-text-align-left","9":"woocommerce-image-align-center","11":"first","12":"instock","13":"taxable","14":"shipping-taxable","15":"purchasable","16":"product-type-simple"},"acf":[],"_links":{"self":[{"href":"https:\/\/www.accademiapsico.it\/shop\/fr\/wp-json\/wp\/v2\/product\/1027","targetHints":{"allow":["GET"]}}],"collection":[{"href":"https:\/\/www.accademiapsico.it\/shop\/fr\/wp-json\/wp\/v2\/product"}],"about":[{"href":"https:\/\/www.accademiapsico.it\/shop\/fr\/wp-json\/wp\/v2\/types\/product"}],"wp:featuredmedia":[{"embeddable":true,"href":"https:\/\/www.accademiapsico.it\/shop\/fr\/wp-json\/wp\/v2\/media\/1300"}],"wp:attachment":[{"href":"https:\/\/www.accademiapsico.it\/shop\/fr\/wp-json\/wp\/v2\/media?parent=1027"}],"wp:term":[{"taxonomy":"product_brand","embeddable":true,"href":"https:\/\/www.accademiapsico.it\/shop\/fr\/wp-json\/wp\/v2\/product_brand?post=1027"},{"taxonomy":"product_cat","embeddable":true,"href":"https:\/\/www.accademiapsico.it\/shop\/fr\/wp-json\/wp\/v2\/product_cat?post=1027"},{"taxonomy":"product_tag","embeddable":true,"href":"https:\/\/www.accademiapsico.it\/shop\/fr\/wp-json\/wp\/v2\/product_tag?post=1027"}],"curies":[{"name":"wp","href":"https:\/\/api.w.org\/{rel}","templated":true}]}}