{"id":745,"date":"2021-09-29T10:41:01","date_gmt":"2021-09-29T10:41:01","guid":{"rendered":"https:\/\/www.accademiapsico.it\/shop\/rimborso_reso\/"},"modified":"2022-04-11T11:21:03","modified_gmt":"2022-04-11T11:21:03","slug":"rimborso_reso","status":"publish","type":"page","link":"https:\/\/www.accademiapsico.it\/shop\/fr\/rimborso_reso\/","title":{"rendered":"Retrait et remboursement"},"content":{"rendered":"\n<p>Le consommateur a le droit d&rsquo;exercer son droit de r\u00e9tractation. En particulier, le consommateur a le droit de se r\u00e9tracter sans aucune p\u00e9nalit\u00e9 et sans en pr\u00e9ciser le motif, dans un d\u00e9lai de 14 jours ouvrables \u00e0 compter de la r\u00e9ception du bien.<\/p>\n\n\n\n<p>Pour \u00eatre admissible \u00e0 un retour, le produit doit \u00eatre inutilis\u00e9 et dans le m\u00eame \u00e9tat dans lequel vous l&rsquo;avez re\u00e7u. Il doit \u00e9galement \u00eatre dans son emballage d&rsquo;origine non ouvert et non ouvert. Les frais de port pour le retour du produit sont \u00e0 la charge du client et ne sont pas remboursables. Il est n\u00e9cessaire d&#8217;emballer correctement les produits. Le remboursement sera effectu\u00e9 lorsque les produits arriveront \u00e0 destination et leur int\u00e9grit\u00e9 sera v\u00e9rifi\u00e9e. L&rsquo;adresse d&rsquo;envoi de l&rsquo;article est:<\/p>\n\n\n\n<p>Accademia di Psicoterapia della Famiglia<br>Via Antonio Bosio 34<br>00161 Roma Italia<\/p>\n\n\n\n<p>Contactez-nous par email: <a href=\"mailto:laurabruno@accademiadellafamiglia.it\">laurabruno@accademiadellafamiglia.it<\/a> pour les questions relatives au retrait, au remboursement ou concernant les articles d\u00e9fectueux ou endommag\u00e9s.<\/p>\n","protected":false},"excerpt":{"rendered":"<p>Le consommateur a le droit d&rsquo;exercer son droit de r\u00e9tractation. En particulier, le consommateur a le droit de se r\u00e9tracter sans aucune p\u00e9nalit\u00e9 et sans en pr\u00e9ciser le motif, dans un d\u00e9lai de 14 jours ouvrables \u00e0 compter de la r\u00e9ception du bien. Pour \u00eatre admissible \u00e0 un retour, le produit doit \u00eatre inutilis\u00e9 et &#8230; <a title=\"Retrait et remboursement\" class=\"read-more\" href=\"https:\/\/www.accademiapsico.it\/shop\/fr\/rimborso_reso\/\" aria-label=\"En savoir plus sur Retrait et remboursement\">Lire la suite<\/a><\/p>\n","protected":false},"author":1,"featured_media":0,"parent":0,"menu_order":0,"comment_status":"closed","ping_status":"closed","template":"","meta":{"_acf_changed":false,"footnotes":""},"class_list":["post-745","page","type-page","status-publish"],"acf":[],"_links":{"self":[{"href":"https:\/\/www.accademiapsico.it\/shop\/fr\/wp-json\/wp\/v2\/pages\/745","targetHints":{"allow":["GET"]}}],"collection":[{"href":"https:\/\/www.accademiapsico.it\/shop\/fr\/wp-json\/wp\/v2\/pages"}],"about":[{"href":"https:\/\/www.accademiapsico.it\/shop\/fr\/wp-json\/wp\/v2\/types\/page"}],"author":[{"embeddable":true,"href":"https:\/\/www.accademiapsico.it\/shop\/fr\/wp-json\/wp\/v2\/users\/1"}],"replies":[{"embeddable":true,"href":"https:\/\/www.accademiapsico.it\/shop\/fr\/wp-json\/wp\/v2\/comments?post=745"}],"version-history":[{"count":2,"href":"https:\/\/www.accademiapsico.it\/shop\/fr\/wp-json\/wp\/v2\/pages\/745\/revisions"}],"predecessor-version":[{"id":767,"href":"https:\/\/www.accademiapsico.it\/shop\/fr\/wp-json\/wp\/v2\/pages\/745\/revisions\/767"}],"wp:attachment":[{"href":"https:\/\/www.accademiapsico.it\/shop\/fr\/wp-json\/wp\/v2\/media?parent=745"}],"curies":[{"name":"wp","href":"https:\/\/api.w.org\/{rel}","templated":true}]}}