{"id":743,"date":"2021-10-09T13:52:04","date_gmt":"2021-10-09T13:52:04","guid":{"rendered":"https:\/\/www.accademiapsico.it\/shop\/spedizioni\/"},"modified":"2024-09-16T16:01:55","modified_gmt":"2024-09-16T16:01:55","slug":"spedizioni","status":"publish","type":"page","link":"https:\/\/www.accademiapsico.it\/shop\/fr\/spedizioni\/","title":{"rendered":"Livraisons"},"content":{"rendered":"\n<h2 class=\"wp-block-heading\">Frais de port<\/h2>\n\n\n\n<p>Les frais de port changent selon les diff\u00e9rentes zones comme indiqu\u00e9 ci-dessous. <\/p>\n\n\n\n<p><strong>Italie <\/strong><br>Frais de port : <strong>5,99 \u20ac <\/strong><\/p>\n\n\n\n<p><strong>L&rsquo;Europe<\/strong><br>Frais de port : <strong>12,99 \u20ac<\/strong><\/p>\n\n\n\n<p><strong>Am\u00e9rique du Nord, Am\u00e9rique du Sud, Asie, Oc\u00e9anie <\/strong><br>Frais de port: calcul\u00e9 \u00e0 la caisse<\/p>\n\n\n\n<p>La livraison s&rsquo;effectue par courrier express en 3\/4 jours ouvrables, sauf dans les endroits difficiles, \u00e0 partir du moment o\u00f9 le courrier r\u00e9cup\u00e8re la marchandise dans notre entrep\u00f4t. Les marchandises command\u00e9es seront livr\u00e9es \u00e0 l&rsquo;exp\u00e9diteur dans les 24 heures ouvrables \u00e0 compter de la confirmation et du paiement de la commande.<\/p>\n\n\n\n<div style=\"height:20px\" aria-hidden=\"true\" class=\"wp-block-spacer\"><\/div>\n\n\n\n<h2 class=\"wp-block-heading\">Suivez votre colis<\/h2>\n\n\n<div class=\"gb-button-wrapper gb-button-wrapper-f87e0d9e\">\n\n<a class=\"gb-button gb-button-bd86dad7 gb-button-text\" href=\"https:\/\/parcelsapp.com\/fr\" rel=\"nofollow\">Suivez votre envoi avec ParcelsApp<\/a>\n\n<\/div>\n\n\n<div style=\"height:20px\" aria-hidden=\"true\" class=\"wp-block-spacer\"><\/div>\n\n\n\n<p><\/p>\n","protected":false},"excerpt":{"rendered":"<p>Frais de port Les frais de port changent selon les diff\u00e9rentes zones comme indiqu\u00e9 ci-dessous. Italie Frais de port : 5,99 \u20ac L&rsquo;EuropeFrais de port : 12,99 \u20ac Am\u00e9rique du Nord, Am\u00e9rique du Sud, Asie, Oc\u00e9anie Frais de port: calcul\u00e9 \u00e0 la caisse La livraison s&rsquo;effectue par courrier express en 3\/4 jours ouvrables, sauf dans &#8230; <a title=\"Livraisons\" class=\"read-more\" href=\"https:\/\/www.accademiapsico.it\/shop\/fr\/spedizioni\/\" aria-label=\"En savoir plus sur Livraisons\">Lire la suite<\/a><\/p>\n","protected":false},"author":1,"featured_media":0,"parent":0,"menu_order":0,"comment_status":"closed","ping_status":"closed","template":"","meta":{"_acf_changed":false,"footnotes":""},"class_list":["post-743","page","type-page","status-publish"],"acf":[],"_links":{"self":[{"href":"https:\/\/www.accademiapsico.it\/shop\/fr\/wp-json\/wp\/v2\/pages\/743","targetHints":{"allow":["GET"]}}],"collection":[{"href":"https:\/\/www.accademiapsico.it\/shop\/fr\/wp-json\/wp\/v2\/pages"}],"about":[{"href":"https:\/\/www.accademiapsico.it\/shop\/fr\/wp-json\/wp\/v2\/types\/page"}],"author":[{"embeddable":true,"href":"https:\/\/www.accademiapsico.it\/shop\/fr\/wp-json\/wp\/v2\/users\/1"}],"replies":[{"embeddable":true,"href":"https:\/\/www.accademiapsico.it\/shop\/fr\/wp-json\/wp\/v2\/comments?post=743"}],"version-history":[{"count":16,"href":"https:\/\/www.accademiapsico.it\/shop\/fr\/wp-json\/wp\/v2\/pages\/743\/revisions"}],"predecessor-version":[{"id":1074,"href":"https:\/\/www.accademiapsico.it\/shop\/fr\/wp-json\/wp\/v2\/pages\/743\/revisions\/1074"}],"wp:attachment":[{"href":"https:\/\/www.accademiapsico.it\/shop\/fr\/wp-json\/wp\/v2\/media?parent=743"}],"curies":[{"name":"wp","href":"https:\/\/api.w.org\/{rel}","templated":true}]}}