{"id":742,"date":"2021-10-09T13:54:42","date_gmt":"2021-10-09T13:54:42","guid":{"rendered":"https:\/\/www.accademiapsico.it\/shop\/termini-e-condizioni\/"},"modified":"2022-04-11T11:28:42","modified_gmt":"2022-04-11T11:28:42","slug":"termini-e-condizioni","status":"publish","type":"page","link":"https:\/\/www.accademiapsico.it\/shop\/fr\/termini-e-condizioni\/","title":{"rendered":"Termes et conditions"},"content":{"rendered":"\n<p><strong>Informations g\u00e9n\u00e9rales<\/strong><br><\/p>\n\n\n\n<p>Ces conditions de vente concernent l&rsquo;achat de produits \u00e0 distance via le site accademiapsico.it\/shop.<br>Propri\u00e9taire vendeur du commerce \u00e9lectronique : Acad\u00e9mie de psychoth\u00e9rapie familiale, Via Antonio Bosio 34 00161 Rome, num\u00e9ro de TVA 04369821006<\/p>\n\n\n\n<p><strong>Information produit<\/strong><br>Il cliente acquista il prodotto al prezzo indicato, al quale si aggiungono le spese di consegna come precisate sul sito web. Tutti i prezzi di vendita sono espressi in euro e con iva inclusa. Le caratteristiche del prodotto sono illustrate nelle relative schede descrittive. Le immagini e Le client ach\u00e8te le produit au prix indiqu\u00e9, auquel s&rsquo;ajoutent les frais de livraison tels que pr\u00e9cis\u00e9s sur le site. Tous les prix de vente sont exprim\u00e9s en euros et TVA comprise. Les caract\u00e9ristiques du produit sont illustr\u00e9es dans les fiches descriptives relatives. Les images et les donn\u00e9es pr\u00e9sent\u00e9es dans une fiche produit peuvent ne pas \u00eatre compl\u00e8tes et exhaustives et peuvent diff\u00e9rer dans de petits d\u00e9tails. L&rsquo;Accademia di Psicoterapia della Famiglia se r\u00e9serve le droit, une fois la commande re\u00e7ue, de v\u00e9rifier la disponibilit\u00e9 de la marchandise et, \u00e0 d\u00e9faut, de notifier sans d\u00e9lai la non-acceptation de la commande envoy\u00e9e. Aucune responsabilit\u00e9 ne peut \u00eatre attribu\u00e9e \u00e0 l&rsquo;Accademia di Psicoterapia della Famiglia.<\/p>\n\n\n\n<p><strong>Conclusion et r\u00e9ception de la commande<\/strong><br>Avant de proc\u00e9der \u00e0 l&rsquo;achat des produits, l&rsquo;utilisateur est tenu d&rsquo;accepter les pr\u00e9sentes conditions de vente. La bonne r\u00e9ception de la commande est confirm\u00e9e par l&rsquo;Acad\u00e9mie de Psychoth\u00e9rapie Familiale en envoyant une copie de la commande par e-mail \u00e0 l&rsquo;adresse e-mail fournie par le client. Ce message de confirmation proposera \u00e0 nouveau toutes les donn\u00e9es saisies par le client qui s&rsquo;engage \u00e0 en v\u00e9rifier l&rsquo;exactitude et \u00e0 communiquer rapidement toute correction \u00e0 l&rsquo;adresse e-mail <a href=\"mailto:laurabruno@accademiadellafamiglia.it\">laurabruno@accademiadellafamiglia.it<\/a><br>En passant la commande sur le site <a href=\"http:\/\/www.accademiapsico.it\/shop\/fr\/\" target=\"_blank\" rel=\"noreferrer noopener\">www.accademiapsico.it\/shop<\/a>\u00a0le client d\u00e9clare avoir pris connaissance des pr\u00e9sentes conditions de vente, des modalit\u00e9s de paiement, des propositions d&rsquo;exp\u00e9dition et des informations de r\u00e9tractation.<\/p>\n\n\n\n<p><strong>R\u00e9clamation<\/strong><br>Pour toute r\u00e9clamation merci de contacter: <a href=\"mailto:laurabruno@accademiadellafamiglia.it\">laurabruno@accademiadellafamiglia.it<\/a><\/p>\n","protected":false},"excerpt":{"rendered":"<p>Informations g\u00e9n\u00e9rales Ces conditions de vente concernent l&rsquo;achat de produits \u00e0 distance via le site accademiapsico.it\/shop.Propri\u00e9taire vendeur du commerce \u00e9lectronique : Acad\u00e9mie de psychoth\u00e9rapie familiale, Via Antonio Bosio 34 00161 Rome, num\u00e9ro de TVA 04369821006 Information produitIl cliente acquista il prodotto al prezzo indicato, al quale si aggiungono le spese di consegna come precisate sul &#8230; <a title=\"Termes et conditions\" class=\"read-more\" href=\"https:\/\/www.accademiapsico.it\/shop\/fr\/termini-e-condizioni\/\" aria-label=\"En savoir plus sur Termes et conditions\">Lire la suite<\/a><\/p>\n","protected":false},"author":1,"featured_media":0,"parent":0,"menu_order":0,"comment_status":"closed","ping_status":"closed","template":"","meta":{"_acf_changed":false,"footnotes":""},"class_list":["post-742","page","type-page","status-publish"],"acf":[],"_links":{"self":[{"href":"https:\/\/www.accademiapsico.it\/shop\/fr\/wp-json\/wp\/v2\/pages\/742","targetHints":{"allow":["GET"]}}],"collection":[{"href":"https:\/\/www.accademiapsico.it\/shop\/fr\/wp-json\/wp\/v2\/pages"}],"about":[{"href":"https:\/\/www.accademiapsico.it\/shop\/fr\/wp-json\/wp\/v2\/types\/page"}],"author":[{"embeddable":true,"href":"https:\/\/www.accademiapsico.it\/shop\/fr\/wp-json\/wp\/v2\/users\/1"}],"replies":[{"embeddable":true,"href":"https:\/\/www.accademiapsico.it\/shop\/fr\/wp-json\/wp\/v2\/comments?post=742"}],"version-history":[{"count":1,"href":"https:\/\/www.accademiapsico.it\/shop\/fr\/wp-json\/wp\/v2\/pages\/742\/revisions"}],"predecessor-version":[{"id":769,"href":"https:\/\/www.accademiapsico.it\/shop\/fr\/wp-json\/wp\/v2\/pages\/742\/revisions\/769"}],"wp:attachment":[{"href":"https:\/\/www.accademiapsico.it\/shop\/fr\/wp-json\/wp\/v2\/media?parent=742"}],"curies":[{"name":"wp","href":"https:\/\/api.w.org\/{rel}","templated":true}]}}