{"id":741,"date":"2021-10-09T13:51:38","date_gmt":"2021-10-09T13:51:38","guid":{"rendered":"https:\/\/www.accademiapsico.it\/shop\/pagamenti\/"},"modified":"2022-04-11T11:18:45","modified_gmt":"2022-04-11T11:18:45","slug":"pagamenti","status":"publish","type":"page","link":"https:\/\/www.accademiapsico.it\/shop\/fr\/pagamenti\/","title":{"rendered":"Paiements"},"content":{"rendered":"\n<p>Paiement par carte bancaire <strong>MasterCard, Visa<\/strong> ou <strong>Visa Electron<\/strong> ou <strong>Paypal (via la plateforme PayPal)<\/strong><\/p>\n\n\n\n<p>Apr\u00e8s avoir confirm\u00e9 les d\u00e9tails de votre commande, vous serez redirig\u00e9 vers le site paypal o\u00f9 vous pourrez payer par carte de cr\u00e9dit sans avoir de compte paypal ou bien acc\u00e9der \u00e0 votre compte PayPal pour finaliser le paiement.<\/p>\n\n\n\n<p>L&rsquo;adresse e-mail associ\u00e9e \u00e0 notre compte Paypal pour la r\u00e9ception des paiements est: <a href=\"mailto:info@accademiapsico.it\">info@accademiapsico.it<\/a><\/p>\n\n\n\n<p>Pour les pays non membres de l&rsquo;UE, le prix du produit n&rsquo;inclut pas les taxes locales, d&rsquo;importation et de d\u00e9douanement qui varieront selon la r\u00e9glementation du pays o\u00f9 l&rsquo;article est exp\u00e9di\u00e9 et pay\u00e9es par le client \u00e0 r\u00e9ception de la marchandise.<\/p>\n\n\n\n<p>En cas d&rsquo;annulation de la commande tant par le Client qu&rsquo;en cas de non acceptation par l&rsquo;Accademia di Psicoterapia della Famiglia, le montant sera rembours\u00e9 sur le compte Paypal du Client.<\/p>\n","protected":false},"excerpt":{"rendered":"<p>Paiement par carte bancaire MasterCard, Visa ou Visa Electron ou Paypal (via la plateforme PayPal) Apr\u00e8s avoir confirm\u00e9 les d\u00e9tails de votre commande, vous serez redirig\u00e9 vers le site paypal o\u00f9 vous pourrez payer par carte de cr\u00e9dit sans avoir de compte paypal ou bien acc\u00e9der \u00e0 votre compte PayPal pour finaliser le paiement. L&rsquo;adresse &#8230; <a title=\"Paiements\" class=\"read-more\" href=\"https:\/\/www.accademiapsico.it\/shop\/fr\/pagamenti\/\" aria-label=\"En savoir plus sur Paiements\">Lire la suite<\/a><\/p>\n","protected":false},"author":1,"featured_media":0,"parent":0,"menu_order":0,"comment_status":"closed","ping_status":"closed","template":"","meta":{"_acf_changed":false,"footnotes":""},"class_list":["post-741","page","type-page","status-publish"],"acf":[],"_links":{"self":[{"href":"https:\/\/www.accademiapsico.it\/shop\/fr\/wp-json\/wp\/v2\/pages\/741","targetHints":{"allow":["GET"]}}],"collection":[{"href":"https:\/\/www.accademiapsico.it\/shop\/fr\/wp-json\/wp\/v2\/pages"}],"about":[{"href":"https:\/\/www.accademiapsico.it\/shop\/fr\/wp-json\/wp\/v2\/types\/page"}],"author":[{"embeddable":true,"href":"https:\/\/www.accademiapsico.it\/shop\/fr\/wp-json\/wp\/v2\/users\/1"}],"replies":[{"embeddable":true,"href":"https:\/\/www.accademiapsico.it\/shop\/fr\/wp-json\/wp\/v2\/comments?post=741"}],"version-history":[{"count":2,"href":"https:\/\/www.accademiapsico.it\/shop\/fr\/wp-json\/wp\/v2\/pages\/741\/revisions"}],"predecessor-version":[{"id":765,"href":"https:\/\/www.accademiapsico.it\/shop\/fr\/wp-json\/wp\/v2\/pages\/741\/revisions\/765"}],"wp:attachment":[{"href":"https:\/\/www.accademiapsico.it\/shop\/fr\/wp-json\/wp\/v2\/media?parent=741"}],"curies":[{"name":"wp","href":"https:\/\/api.w.org\/{rel}","templated":true}]}}