{"id":828,"date":"2022-09-29T17:35:27","date_gmt":"2022-09-29T17:35:27","guid":{"rendered":"https:\/\/www.accademiapsico.it\/shop\/?post_type=product&#038;p=828"},"modified":"2025-05-08T15:11:45","modified_gmt":"2025-05-08T15:11:45","slug":"the-pebbles-of-capucine-from-control-to-rediscovering-feelings","status":"publish","type":"product","link":"https:\/\/www.accademiapsico.it\/shop\/en\/product\/the-pebbles-of-capucine-from-control-to-rediscovering-feelings\/","title":{"rendered":"The pebbles of Capucine: from control to rediscovering feelings"},"content":{"rendered":"<p>Capucine, ten years old, was referred to family therapy because she had developed obsessive traits &amp; rituals. Following the first meeting with their family therapist they sought a consultation with Prof. Maurizio Andolfi in Angers, France. The main goal of this session was to reframe Capucine\u2019s symptoms into the key to access family history and as a way to encourage showing feelings in the family. A follow-up session with Capucine five years later outlines symptoms resolution and family transformation.<\/p>\n<p><strong>Specs<br \/>\n<\/strong>Format USB device<br \/>\nRunning time approx: 44 minutes<br \/>\nColour \/ Anamorphic Widescreen 1.78:1<br \/>\nLanguages: Fran\u00e7ais &amp; Italiano<br \/>\nSubtitles: English, Espa\u00f1ol, Fran\u00e7ais, Italiano, Portugu\u00eas.<\/p>\n","protected":false},"excerpt":{"rendered":"<p>or<\/p>\n<p><a href=\"https:\/\/vimeo.com\/store\/ondemand\/buy\/406928\" target=\"_blank\" rel=\"noopener\">Buy video on Vimeo on demand &#8211; 20 \u20ac<\/a><\/p>\n","protected":false},"featured_media":831,"template":"","meta":{"_acf_changed":false},"product_brand":[],"product_cat":[28],"product_tag":[],"class_list":{"0":"post-828","1":"product","2":"type-product","3":"status-publish","4":"has-post-thumbnail","6":"product_cat-video-collection-en","7":"sales-flash-overlay","8":"woocommerce-text-align-left","9":"woocommerce-image-align-center","11":"first","12":"instock","13":"taxable","14":"shipping-taxable","15":"purchasable","16":"product-type-simple"},"acf":[],"_links":{"self":[{"href":"https:\/\/www.accademiapsico.it\/shop\/en\/wp-json\/wp\/v2\/product\/828","targetHints":{"allow":["GET"]}}],"collection":[{"href":"https:\/\/www.accademiapsico.it\/shop\/en\/wp-json\/wp\/v2\/product"}],"about":[{"href":"https:\/\/www.accademiapsico.it\/shop\/en\/wp-json\/wp\/v2\/types\/product"}],"wp:featuredmedia":[{"embeddable":true,"href":"https:\/\/www.accademiapsico.it\/shop\/en\/wp-json\/wp\/v2\/media\/831"}],"wp:attachment":[{"href":"https:\/\/www.accademiapsico.it\/shop\/en\/wp-json\/wp\/v2\/media?parent=828"}],"wp:term":[{"taxonomy":"product_brand","embeddable":true,"href":"https:\/\/www.accademiapsico.it\/shop\/en\/wp-json\/wp\/v2\/product_brand?post=828"},{"taxonomy":"product_cat","embeddable":true,"href":"https:\/\/www.accademiapsico.it\/shop\/en\/wp-json\/wp\/v2\/product_cat?post=828"},{"taxonomy":"product_tag","embeddable":true,"href":"https:\/\/www.accademiapsico.it\/shop\/en\/wp-json\/wp\/v2\/product_tag?post=828"}],"curies":[{"name":"wp","href":"https:\/\/api.w.org\/{rel}","templated":true}]}}