{"id":233,"date":"2021-10-08T08:01:56","date_gmt":"2021-10-14T10:29:13","guid":{"rendered":"https:\/\/www.accademiapsico.it\/shop\/?post_type=product&#038;p=233"},"modified":"2025-04-08T13:17:50","modified_gmt":"2025-04-08T13:17:50","slug":"the-volcano-and-the-ice-block","status":"publish","type":"product","link":"https:\/\/www.accademiapsico.it\/shop\/en\/product\/the-volcano-and-the-ice-block\/","title":{"rendered":"The Volcano and the Ice Block"},"content":{"rendered":"<p>Ilan, 11 years old, has been seen in family therapy because of his long term aggressive behavior at home and for his angry feelings towards his father, which upset everybody. Presenting himself as a child expert, Maurizio Andolfi starts to engage the three boys by exploring family history through the genogram. In particular, he asks the children information about the parents\u2019 siblings relationship. Very soon the traumatic experiences on both sides of the family are disclosed with the description of the places where the grandparents were hidden during WWII, as well as the family\u2019s desperation and resilience afterwards. Starting from Ilan\u2019s anger, a journey into the anger in both families of origin is proposed. Everybody is invited to draw a picture of the anger and of the sadness.<\/p>\n<p><strong>Specs<br \/>\n<\/strong>Format USB device<br \/>\nRunning time approx: 41 minutes<br \/>\nColour<br \/>\nAll regions<br \/>\nAnamorphic Widescreen 1.78:1<br \/>\nLanguage: Fran\u00e7ais, Italiano<br \/>\nSubtitles: English, Espa\u00f1ol, Fran\u00e7ais, Italiano, Portugu\u00eas.<\/p>\n","protected":false},"excerpt":{"rendered":"<p>or<\/p>\n<p><a href=\"https:\/\/vimeo.com\/store\/ondemand\/buy\/261301\">Buy video on Vimeo on demand &#8211; 20 \u20ac<\/a><\/p>\n","protected":false},"featured_media":202,"template":"","meta":{"_acf_changed":false},"product_brand":[],"product_cat":[28],"product_tag":[],"class_list":{"0":"post-233","1":"product","2":"type-product","3":"status-publish","4":"has-post-thumbnail","6":"product_cat-video-collection-en","7":"sales-flash-overlay","8":"woocommerce-text-align-left","9":"woocommerce-image-align-center","11":"first","12":"instock","13":"taxable","14":"shipping-taxable","15":"purchasable","16":"product-type-simple"},"acf":[],"_links":{"self":[{"href":"https:\/\/www.accademiapsico.it\/shop\/en\/wp-json\/wp\/v2\/product\/233","targetHints":{"allow":["GET"]}}],"collection":[{"href":"https:\/\/www.accademiapsico.it\/shop\/en\/wp-json\/wp\/v2\/product"}],"about":[{"href":"https:\/\/www.accademiapsico.it\/shop\/en\/wp-json\/wp\/v2\/types\/product"}],"wp:featuredmedia":[{"embeddable":true,"href":"https:\/\/www.accademiapsico.it\/shop\/en\/wp-json\/wp\/v2\/media\/202"}],"wp:attachment":[{"href":"https:\/\/www.accademiapsico.it\/shop\/en\/wp-json\/wp\/v2\/media?parent=233"}],"wp:term":[{"taxonomy":"product_brand","embeddable":true,"href":"https:\/\/www.accademiapsico.it\/shop\/en\/wp-json\/wp\/v2\/product_brand?post=233"},{"taxonomy":"product_cat","embeddable":true,"href":"https:\/\/www.accademiapsico.it\/shop\/en\/wp-json\/wp\/v2\/product_cat?post=233"},{"taxonomy":"product_tag","embeddable":true,"href":"https:\/\/www.accademiapsico.it\/shop\/en\/wp-json\/wp\/v2\/product_tag?post=233"}],"curies":[{"name":"wp","href":"https:\/\/api.w.org\/{rel}","templated":true}]}}